{"id":948,"date":"2025-11-06T10:37:03","date_gmt":"2025-11-06T10:37:03","guid":{"rendered":"https:\/\/jperez.inscastellbisbal.net\/?page_id=948"},"modified":"2025-12-09T11:59:11","modified_gmt":"2025-12-09T11:59:11","slug":"comparativa-de-lestalvi-en-recursos-materials-duna-prova-en-paper-o-en-moodle","status":"publish","type":"page","link":"https:\/\/jperez.inscastellbisbal.net\/index.php\/comparativa-de-lestalvi-en-recursos-materials-duna-prova-en-paper-o-en-moodle\/","title":{"rendered":"Comparativa de l\u2019estalvi en recursos materials entre una prova en paper o en Moodle."},"content":{"rendered":"\n<p>En el Moodle no utilitza cap material, tampoc s&#8217;utilitza tinta, es guarda en el n\u00favol, no has de fer foto c\u00f2pies gastant papers i menor consum de materials. El pitjor \u00e9s que gastes electricitat.1. Prova en Moodle (digital)<\/p>\n\n\n\n<p><strong>Estalvis principals:<\/strong><\/p>\n\n\n\n<ul class=\"wp-block-list\">\n<li>0 papers utilitzats.<\/li>\n\n\n\n<li>0 tintes o t\u00f2ner.<\/li>\n\n\n\n<li> Sense residus f\u00edsics (tot es guarda al n\u00favol)<\/li>\n\n\n\n<li> Sense necessitat d&#8217;impressi\u00f3, fotoc\u00f2pies ni emmagatzematge f\u00edsic<\/li>\n\n\n\n<li>Menys transport i consum de materials<\/li>\n<\/ul>\n\n\n\n<p><strong>Estalvi estimat:<\/strong><\/p>\n\n\n\n<p>\u2192 50-70% menys emissions de CO\u2082<\/p>\n\n\n\n<p>\u2192 80-100% en materials f\u00edsics<\/p>\n\n\n\n<hr class=\"wp-block-separator has-alpha-channel-opacity\"\/>\n\n\n\n<p>En un paper gastes arbres, bamb\u00fa, cot\u00f3, l&#8217;arr\u00f2s o la palla de blat. Per\u00f2 una forma de no estalvi \u00e9s reciclant paper ja utilitzat.<\/p>\n\n\n\n<h2 class=\"wp-block-heading\">2. Prova en paper<\/h2>\n\n\n\n<p><strong>Costos materials alts:<\/strong><\/p>\n\n\n\n<ul class=\"wp-block-list\">\n<li>\u00das de paper, tinta, t\u00f2ner, energia per imprimir i transport<\/li>\n\n\n\n<li>Residus f\u00edsics i necessitat d&#8217;emmagatzematge<\/li>\n\n\n\n<li>M\u00e9s impacte ambiental (per la producci\u00f3 i eliminaci\u00f3 del paper)<\/li>\n<\/ul>\n\n\n\n<!--nextpage-->\n\n\n\n<p>Aqu\u00ed teniu una imatge de les dues explicacions juntes.<\/p>\n\n\n\n<figure class=\"wp-block-table\"><table class=\"has-fixed-layout\"><thead><tr><td><strong>1.<\/strong> <strong>Prova en Moodle (digital)<\/strong><\/td><td><strong>2. Prova en paper<\/strong><\/td><\/tr><\/thead><tbody><tr><td><strong>Estalvis principals:<\/strong><\/td><td><strong>Costos materials alts:<\/strong><\/td><\/tr><tr><td>* 0 papers utilitzats<\/td><td>* \u00das de paper, tinta, t\u00f2ner, energia per imprimir i transport.<\/td><\/tr><tr><td>* 0 tintes o t\u00f2ner<\/td><td>* <strong>Residus f\u00edsics<\/strong> i necessitat d&#8217;emmagatzematge.<\/td><\/tr><tr><td>* Sense residus f\u00edsics (tot es guarda al n\u00favol)<\/td><td>* M\u00e9s impacte ambiental (per la producci\u00f3 i eliminaci\u00f3 del paper).<\/td><\/tr><tr><td>* Menys transport i consum de materials.<\/td><td><\/td><\/tr><tr><td>\ud83d\udca1 Estalvi estimat:<\/td><td><\/td><\/tr><tr><td>* 80-100% en materials f\u00edsics.<\/td><td><\/td><\/tr><tr><td>* 50-70% menys emissions de CO\u2082<\/td><td><\/td><\/tr><\/tbody><\/table><\/figure>\n","protected":false},"excerpt":{"rendered":"<p>En el Moodle no utilitza cap material, tampoc s&#8217;utilitza tinta, es guarda en el n\u00favol, no has de fer foto c\u00f2pies gastant papers i menor consum de materials. El pitjor \u00e9s que gastes electricitat.1. Prova en Moodle (digital) Estalvis principals: Estalvi estimat: \u2192 50-70% menys emissions de CO\u2082 \u2192 80-100% [&hellip;]<\/p>\n","protected":false},"author":1,"featured_media":0,"parent":0,"menu_order":0,"comment_status":"closed","ping_status":"closed","template":"","meta":{"footnotes":""},"class_list":["post-948","page","type-page","status-publish","hentry"],"_links":{"self":[{"href":"https:\/\/jperez.inscastellbisbal.net\/index.php\/wp-json\/wp\/v2\/pages\/948","targetHints":{"allow":["GET"]}}],"collection":[{"href":"https:\/\/jperez.inscastellbisbal.net\/index.php\/wp-json\/wp\/v2\/pages"}],"about":[{"href":"https:\/\/jperez.inscastellbisbal.net\/index.php\/wp-json\/wp\/v2\/types\/page"}],"author":[{"embeddable":true,"href":"https:\/\/jperez.inscastellbisbal.net\/index.php\/wp-json\/wp\/v2\/users\/1"}],"replies":[{"embeddable":true,"href":"https:\/\/jperez.inscastellbisbal.net\/index.php\/wp-json\/wp\/v2\/comments?post=948"}],"version-history":[{"count":13,"href":"https:\/\/jperez.inscastellbisbal.net\/index.php\/wp-json\/wp\/v2\/pages\/948\/revisions"}],"predecessor-version":[{"id":1257,"href":"https:\/\/jperez.inscastellbisbal.net\/index.php\/wp-json\/wp\/v2\/pages\/948\/revisions\/1257"}],"wp:attachment":[{"href":"https:\/\/jperez.inscastellbisbal.net\/index.php\/wp-json\/wp\/v2\/media?parent=948"}],"curies":[{"name":"wp","href":"https:\/\/api.w.org\/{rel}","templated":true}]}}