{"id":931,"date":"2025-11-04T11:03:19","date_gmt":"2025-11-04T11:03:19","guid":{"rendered":"https:\/\/jperez.inscastellbisbal.net\/?page_id=931"},"modified":"2025-11-04T11:14:21","modified_gmt":"2025-11-04T11:14:21","slug":"neteja-i-adequacio-dels-components","status":"publish","type":"page","link":"https:\/\/jperez.inscastellbisbal.net\/index.php\/neteja-i-adequacio-dels-components\/","title":{"rendered":"Neteja i adequaci\u00f3 dels components"},"content":{"rendered":"\n<p>La neteja i adequaci\u00f3 dels components d\u2019un PC consisteix a eliminar la pols i la brut\u00edcia per millorar la refrigeraci\u00f3 i el rendiment. Es fa amb aire comprimit, pinzells i alcohol isoprop\u00edlic, amb l\u2019equip desconnectat, nosaltres vam posar aire a pressi\u00f3. Tamb\u00e9 s\u2019aprofita per revisar connexions, ventiladors i renovar la pasta t\u00e8rmica si cal.<\/p>\n\n\n\n<figure class=\"wp-block-image size-full is-resized\"><img fetchpriority=\"high\" decoding=\"async\" width=\"508\" height=\"283\" src=\"https:\/\/jperez.inscastellbisbal.net\/wp-content\/uploads\/2025\/11\/image-3.png\" alt=\"\" class=\"wp-image-939\" style=\"width:666px;height:auto\" srcset=\"https:\/\/jperez.inscastellbisbal.net\/wp-content\/uploads\/2025\/11\/image-3.png 508w, https:\/\/jperez.inscastellbisbal.net\/wp-content\/uploads\/2025\/11\/image-3-300x167.png 300w\" sizes=\"(max-width: 508px) 100vw, 508px\" \/><\/figure>\n\n\n\n<p><\/p>\n\n\n\n<figure class=\"wp-block-image size-full is-resized\"><img decoding=\"async\" width=\"402\" height=\"309\" src=\"https:\/\/jperez.inscastellbisbal.net\/wp-content\/uploads\/2025\/11\/image-4.png\" alt=\"\" class=\"wp-image-942\" style=\"width:668px;height:auto\" srcset=\"https:\/\/jperez.inscastellbisbal.net\/wp-content\/uploads\/2025\/11\/image-4.png 402w, https:\/\/jperez.inscastellbisbal.net\/wp-content\/uploads\/2025\/11\/image-4-300x231.png 300w\" sizes=\"(max-width: 402px) 100vw, 402px\" \/><\/figure>\n\n\n\n<p><\/p>\n","protected":false},"excerpt":{"rendered":"<p>La neteja i adequaci\u00f3 dels components d\u2019un PC consisteix a eliminar la pols i la brut\u00edcia per millorar la refrigeraci\u00f3 i el rendiment. Es fa amb aire comprimit, pinzells i alcohol isoprop\u00edlic, amb l\u2019equip desconnectat, nosaltres vam posar aire a pressi\u00f3. Tamb\u00e9 s\u2019aprofita per revisar connexions, ventiladors i renovar la [&hellip;]<\/p>\n","protected":false},"author":1,"featured_media":0,"parent":0,"menu_order":0,"comment_status":"closed","ping_status":"closed","template":"","meta":{"footnotes":""},"class_list":["post-931","page","type-page","status-publish","hentry"],"_links":{"self":[{"href":"https:\/\/jperez.inscastellbisbal.net\/index.php\/wp-json\/wp\/v2\/pages\/931","targetHints":{"allow":["GET"]}}],"collection":[{"href":"https:\/\/jperez.inscastellbisbal.net\/index.php\/wp-json\/wp\/v2\/pages"}],"about":[{"href":"https:\/\/jperez.inscastellbisbal.net\/index.php\/wp-json\/wp\/v2\/types\/page"}],"author":[{"embeddable":true,"href":"https:\/\/jperez.inscastellbisbal.net\/index.php\/wp-json\/wp\/v2\/users\/1"}],"replies":[{"embeddable":true,"href":"https:\/\/jperez.inscastellbisbal.net\/index.php\/wp-json\/wp\/v2\/comments?post=931"}],"version-history":[{"count":6,"href":"https:\/\/jperez.inscastellbisbal.net\/index.php\/wp-json\/wp\/v2\/pages\/931\/revisions"}],"predecessor-version":[{"id":944,"href":"https:\/\/jperez.inscastellbisbal.net\/index.php\/wp-json\/wp\/v2\/pages\/931\/revisions\/944"}],"wp:attachment":[{"href":"https:\/\/jperez.inscastellbisbal.net\/index.php\/wp-json\/wp\/v2\/media?parent=931"}],"curies":[{"name":"wp","href":"https:\/\/api.w.org\/{rel}","templated":true}]}}