{"id":924,"date":"2025-11-04T10:37:08","date_gmt":"2025-11-04T10:37:08","guid":{"rendered":"https:\/\/jperez.inscastellbisbal.net\/?page_id=924"},"modified":"2025-11-04T11:53:45","modified_gmt":"2025-11-04T11:53:45","slug":"elaboracio-dun-pla-de-proteccio-per-laula","status":"publish","type":"page","link":"https:\/\/jperez.inscastellbisbal.net\/index.php\/elaboracio-dun-pla-de-proteccio-per-laula\/","title":{"rendered":"Elaboraci\u00f3 d&#8217;un pla de protecci\u00f3 per l&#8217;aula"},"content":{"rendered":"\n<p>Un pla de protecci\u00f3 per a l\u2019aula \u00e9s un document que estableix les mesures de seguretat i actuaci\u00f3 davant possibles emerg\u00e8ncies. T\u00e9 com a objectiu garantir la seguretat de l\u2019alumnat i del professorat, prevenint riscos i assegurant una resposta r\u00e0pida i ordenada. Inclou protocols per a situacions com incendis, evacuacions o accidents. Tamb\u00e9 defineix els responsables i els recursos disponibles per actuar de manera eficient.<\/p>\n\n\n\n<figure class=\"wp-block-image size-full is-resized\"><img fetchpriority=\"high\" decoding=\"async\" width=\"601\" height=\"908\" src=\"https:\/\/jperez.inscastellbisbal.net\/wp-content\/uploads\/2025\/11\/image.png\" alt=\"\" class=\"wp-image-928\" style=\"width:443px;height:auto\" srcset=\"https:\/\/jperez.inscastellbisbal.net\/wp-content\/uploads\/2025\/11\/image.png 601w, https:\/\/jperez.inscastellbisbal.net\/wp-content\/uploads\/2025\/11\/image-199x300.png 199w\" sizes=\"(max-width: 601px) 100vw, 601px\" \/><\/figure>\n\n\n\n<p><\/p>\n","protected":false},"excerpt":{"rendered":"<p>Un pla de protecci\u00f3 per a l\u2019aula \u00e9s un document que estableix les mesures de seguretat i actuaci\u00f3 davant possibles emerg\u00e8ncies. T\u00e9 com a objectiu garantir la seguretat de l\u2019alumnat i del professorat, prevenint riscos i assegurant una resposta r\u00e0pida i ordenada. Inclou protocols per a situacions com incendis, evacuacions [&hellip;]<\/p>\n","protected":false},"author":1,"featured_media":0,"parent":0,"menu_order":0,"comment_status":"closed","ping_status":"closed","template":"","meta":{"footnotes":""},"class_list":["post-924","page","type-page","status-publish","hentry"],"_links":{"self":[{"href":"https:\/\/jperez.inscastellbisbal.net\/index.php\/wp-json\/wp\/v2\/pages\/924","targetHints":{"allow":["GET"]}}],"collection":[{"href":"https:\/\/jperez.inscastellbisbal.net\/index.php\/wp-json\/wp\/v2\/pages"}],"about":[{"href":"https:\/\/jperez.inscastellbisbal.net\/index.php\/wp-json\/wp\/v2\/types\/page"}],"author":[{"embeddable":true,"href":"https:\/\/jperez.inscastellbisbal.net\/index.php\/wp-json\/wp\/v2\/users\/1"}],"replies":[{"embeddable":true,"href":"https:\/\/jperez.inscastellbisbal.net\/index.php\/wp-json\/wp\/v2\/comments?post=924"}],"version-history":[{"count":5,"href":"https:\/\/jperez.inscastellbisbal.net\/index.php\/wp-json\/wp\/v2\/pages\/924\/revisions"}],"predecessor-version":[{"id":946,"href":"https:\/\/jperez.inscastellbisbal.net\/index.php\/wp-json\/wp\/v2\/pages\/924\/revisions\/946"}],"wp:attachment":[{"href":"https:\/\/jperez.inscastellbisbal.net\/index.php\/wp-json\/wp\/v2\/media?parent=924"}],"curies":[{"name":"wp","href":"https:\/\/api.w.org\/{rel}","templated":true}]}}