{"id":845,"date":"2025-10-23T06:09:02","date_gmt":"2025-10-23T06:09:02","guid":{"rendered":"https:\/\/jperez.inscastellbisbal.net\/?page_id=845"},"modified":"2025-10-30T07:43:47","modified_gmt":"2025-10-30T07:43:47","slug":"informe-de-riscos-daccidents-en-el-teu-lloc-de-treball","status":"publish","type":"page","link":"https:\/\/jperez.inscastellbisbal.net\/index.php\/informe-de-riscos-daccidents-en-el-teu-lloc-de-treball\/","title":{"rendered":"Informe de riscos d&#8217;accidents en el teu lloc de treball"},"content":{"rendered":"\n<p>Els principals riscos laborals en inform\u00e0tica inclouen problemes ergon\u00f2mics, ambientals, psicosocials, el\u00e8ctrics i digitals. Per prevenir-los, cal mantenir bones condicions f\u00edsiques i ambientals, organitzar el treball i aplicar bones pr\u00e0ctiques de seguretat.<\/p>\n\n\n\n<figure class=\"wp-block-image size-full is-resized\"><img fetchpriority=\"high\" decoding=\"async\" width=\"467\" height=\"690\" src=\"https:\/\/jperez.inscastellbisbal.net\/wp-content\/uploads\/2025\/10\/image-11.png\" alt=\"\" class=\"wp-image-852\" style=\"width:378px;height:auto\" srcset=\"https:\/\/jperez.inscastellbisbal.net\/wp-content\/uploads\/2025\/10\/image-11.png 467w, https:\/\/jperez.inscastellbisbal.net\/wp-content\/uploads\/2025\/10\/image-11-203x300.png 203w\" sizes=\"(max-width: 467px) 100vw, 467px\" \/><\/figure>\n\n\n\n<p>En el nostre lloc de treball hi ha riscos, exemple: electricitat, cables penjant de la paret, objectes a terra i material sense guants.<\/p>\n\n\n\n<hr class=\"wp-block-separator has-alpha-channel-opacity\"\/>\n\n\n\n<p>Aqu\u00ed tinc el mapa de l&#8217;institut en cas d&#8217;algun risc en cas d&#8217;haver d&#8217;anar al pati o fora.<\/p>\n\n\n\n<figure class=\"wp-block-image size-full is-resized\"><img decoding=\"async\" width=\"539\" height=\"736\" src=\"https:\/\/jperez.inscastellbisbal.net\/wp-content\/uploads\/2025\/10\/image-15.png\" alt=\"\" class=\"wp-image-867\" style=\"width:384px;height:auto\" srcset=\"https:\/\/jperez.inscastellbisbal.net\/wp-content\/uploads\/2025\/10\/image-15.png 539w, https:\/\/jperez.inscastellbisbal.net\/wp-content\/uploads\/2025\/10\/image-15-220x300.png 220w\" sizes=\"(max-width: 539px) 100vw, 539px\" \/><\/figure>\n\n\n\n<hr class=\"wp-block-separator has-alpha-channel-opacity\"\/>\n\n\n\n<p>En cas de risc de foc tenim l&#8217;extintor i la m\u00e0nega.<\/p>\n\n\n\n<figure class=\"wp-block-image size-full is-resized\"><img decoding=\"async\" width=\"585\" height=\"753\" src=\"https:\/\/jperez.inscastellbisbal.net\/wp-content\/uploads\/2025\/10\/image-14.png\" alt=\"\" class=\"wp-image-863\" style=\"width:380px;height:auto\" srcset=\"https:\/\/jperez.inscastellbisbal.net\/wp-content\/uploads\/2025\/10\/image-14.png 585w, https:\/\/jperez.inscastellbisbal.net\/wp-content\/uploads\/2025\/10\/image-14-233x300.png 233w\" sizes=\"(max-width: 585px) 100vw, 585px\" \/><\/figure>\n\n\n\n<hr class=\"wp-block-separator has-alpha-channel-opacity\"\/>\n\n\n\n<p>Aquest cartell est\u00e0 casi sempre en tots els llocs de treball.<\/p>\n\n\n\n<figure class=\"wp-block-image size-full\"><img loading=\"lazy\" decoding=\"async\" width=\"504\" height=\"226\" src=\"https:\/\/jperez.inscastellbisbal.net\/wp-content\/uploads\/2025\/10\/image-16.png\" alt=\"\" class=\"wp-image-879\" srcset=\"https:\/\/jperez.inscastellbisbal.net\/wp-content\/uploads\/2025\/10\/image-16.png 504w, https:\/\/jperez.inscastellbisbal.net\/wp-content\/uploads\/2025\/10\/image-16-300x135.png 300w\" sizes=\"(max-width: 504px) 100vw, 504px\" \/><\/figure>\n","protected":false},"excerpt":{"rendered":"<p>Els principals riscos laborals en inform\u00e0tica inclouen problemes ergon\u00f2mics, ambientals, psicosocials, el\u00e8ctrics i digitals. Per prevenir-los, cal mantenir bones condicions f\u00edsiques i ambientals, organitzar el treball i aplicar bones pr\u00e0ctiques de seguretat. En el nostre lloc de treball hi ha riscos, exemple: electricitat, cables penjant de la paret, objectes a [&hellip;]<\/p>\n","protected":false},"author":1,"featured_media":0,"parent":0,"menu_order":0,"comment_status":"closed","ping_status":"closed","template":"","meta":{"footnotes":""},"class_list":["post-845","page","type-page","status-publish","hentry"],"_links":{"self":[{"href":"https:\/\/jperez.inscastellbisbal.net\/index.php\/wp-json\/wp\/v2\/pages\/845","targetHints":{"allow":["GET"]}}],"collection":[{"href":"https:\/\/jperez.inscastellbisbal.net\/index.php\/wp-json\/wp\/v2\/pages"}],"about":[{"href":"https:\/\/jperez.inscastellbisbal.net\/index.php\/wp-json\/wp\/v2\/types\/page"}],"author":[{"embeddable":true,"href":"https:\/\/jperez.inscastellbisbal.net\/index.php\/wp-json\/wp\/v2\/users\/1"}],"replies":[{"embeddable":true,"href":"https:\/\/jperez.inscastellbisbal.net\/index.php\/wp-json\/wp\/v2\/comments?post=845"}],"version-history":[{"count":11,"href":"https:\/\/jperez.inscastellbisbal.net\/index.php\/wp-json\/wp\/v2\/pages\/845\/revisions"}],"predecessor-version":[{"id":881,"href":"https:\/\/jperez.inscastellbisbal.net\/index.php\/wp-json\/wp\/v2\/pages\/845\/revisions\/881"}],"wp:attachment":[{"href":"https:\/\/jperez.inscastellbisbal.net\/index.php\/wp-json\/wp\/v2\/media?parent=845"}],"curies":[{"name":"wp","href":"https:\/\/api.w.org\/{rel}","templated":true}]}}