{"id":814,"date":"2025-10-22T11:44:22","date_gmt":"2025-10-22T11:44:22","guid":{"rendered":"https:\/\/jperez.inscastellbisbal.net\/?page_id=814"},"modified":"2025-11-21T09:26:59","modified_gmt":"2025-11-21T09:26:59","slug":"6%ef%b8%8f%e2%83%a3-%e2%99%bb%ef%b8%8f-sostenibilitat","status":"publish","type":"page","link":"https:\/\/jperez.inscastellbisbal.net\/index.php\/6%ef%b8%8f%e2%83%a3-%e2%99%bb%ef%b8%8f-sostenibilitat\/","title":{"rendered":"6\ufe0f\u20e3 &#8211; \u267b\ufe0f &#8211; Sostenibilitat"},"content":{"rendered":"\n<div class=\"wp-block-buttons is-layout-flex wp-block-buttons-is-layout-flex\">\n<div class=\"wp-block-button\"><a class=\"wp-block-button__link wp-element-button\" href=\"https:\/\/taberdane.inscastellbisbal.net\/optimitzacio-del-consum-energetic-de-les-maquines-2\/\">Optimitzaci\u00f3 del consum energ\u00e8tic de les m\u00e0quines (WEB Tarik)<\/a><\/div>\n\n\n\n<div class=\"wp-block-button\"><a class=\"wp-block-button__link wp-element-button\" href=\"https:\/\/jperez.inscastellbisbal.net\/index.php\/reflexio-de-limpacte-mediambiental-del-mal-us-de-la-ia\/\">Reflexi\u00f3 de l&#8217;impacte mediambiental del mal \u00fas de la IA<\/a><\/div>\n\n\n\n<div class=\"wp-block-button\"><a class=\"wp-block-button__link wp-element-button\" href=\"https:\/\/ealba.inscastellbisbal.net\/index.php\/2025\/11\/04\/pressupostos-dun-sistema-energetic-sostenible-per-a-laula-autonoma\/\">Pressupostos d&#8217;un sistema energ\u00e8tic sostenible per a l&#8217;aula aut\u00f2noma (WEB Edgar)<\/a><\/div>\n\n\n\n<div class=\"wp-block-button\"><a class=\"wp-block-button__link wp-element-button\" href=\"https:\/\/taberdane.inscastellbisbal.net\/comparativa-del-temps-de-preparacio-i-correccio-duna-prova-en-paper-o-en-moodle\/\">Comparativa del temps de preparaci\u00f3 i correcci\u00f3 d&#8217;una prova en paper o en Moodle (WEB Tarik)<\/a><\/div>\n\n\n\n<div class=\"wp-block-button\"><a class=\"wp-block-button__link wp-element-button\" href=\"https:\/\/jperez.inscastellbisbal.net\/index.php\/comparativa-del-cost-economic-de-laula-digital-amb-material-nou-envers-el-material-utilitzat\/\">Comparativa del cost econ\u00f2mic de l&#8217;aula digital amb material nou envers el material utilitzat<\/a><\/div>\n\n\n\n<div class=\"wp-block-button\"><a class=\"wp-block-button__link wp-element-button\" href=\"https:\/\/jperez.inscastellbisbal.net\/index.php\/comparativa-de-lestalvi-en-recursos-materials-duna-prova-en-paper-o-en-moodle\/\">Comparativa de l\u2019estalvi en recursos materials entre una prova en paper o en Moodle.<\/a><\/div>\n\n\n\n<div class=\"wp-block-button\"><a class=\"wp-block-button__link wp-element-button\" href=\"https:\/\/jperez.inscastellbisbal.net\/index.php\/comparativa-de-consum-energetic-amb-altres-dispositius-hw\/\">Comparativa de consum energ\u00e8tic amb altres dispositius HW<\/a><\/div>\n<\/div>\n\n\n\n<p><\/p>\n","protected":false},"excerpt":{"rendered":"","protected":false},"author":1,"featured_media":0,"parent":0,"menu_order":0,"comment_status":"closed","ping_status":"closed","template":"","meta":{"footnotes":""},"class_list":["post-814","page","type-page","status-publish","hentry"],"_links":{"self":[{"href":"https:\/\/jperez.inscastellbisbal.net\/index.php\/wp-json\/wp\/v2\/pages\/814","targetHints":{"allow":["GET"]}}],"collection":[{"href":"https:\/\/jperez.inscastellbisbal.net\/index.php\/wp-json\/wp\/v2\/pages"}],"about":[{"href":"https:\/\/jperez.inscastellbisbal.net\/index.php\/wp-json\/wp\/v2\/types\/page"}],"author":[{"embeddable":true,"href":"https:\/\/jperez.inscastellbisbal.net\/index.php\/wp-json\/wp\/v2\/users\/1"}],"replies":[{"embeddable":true,"href":"https:\/\/jperez.inscastellbisbal.net\/index.php\/wp-json\/wp\/v2\/comments?post=814"}],"version-history":[{"count":12,"href":"https:\/\/jperez.inscastellbisbal.net\/index.php\/wp-json\/wp\/v2\/pages\/814\/revisions"}],"predecessor-version":[{"id":1193,"href":"https:\/\/jperez.inscastellbisbal.net\/index.php\/wp-json\/wp\/v2\/pages\/814\/revisions\/1193"}],"wp:attachment":[{"href":"https:\/\/jperez.inscastellbisbal.net\/index.php\/wp-json\/wp\/v2\/media?parent=814"}],"curies":[{"name":"wp","href":"https:\/\/api.w.org\/{rel}","templated":true}]}}