{"id":808,"date":"2025-10-22T11:43:03","date_gmt":"2025-10-22T11:43:03","guid":{"rendered":"https:\/\/jperez.inscastellbisbal.net\/?page_id=808"},"modified":"2025-12-01T07:06:40","modified_gmt":"2025-12-01T07:06:40","slug":"4%ef%b8%8f%e2%83%a3-%f0%9f%8e%93-servidor-moodle","status":"publish","type":"page","link":"https:\/\/jperez.inscastellbisbal.net\/index.php\/4%ef%b8%8f%e2%83%a3-%f0%9f%8e%93-servidor-moodle\/","title":{"rendered":"4\ufe0f\u20e3 &#8211; \ud83c\udf93 &#8211; Servidor Moodle"},"content":{"rendered":"\n<div class=\"wp-block-buttons is-layout-flex wp-block-buttons-is-layout-flex\">\n<div class=\"wp-block-button\"><a class=\"wp-block-button__link wp-element-button\" href=\"https:\/\/taberdane.inscastellbisbal.net\/installacio-de-moodle-a-la-maquina-amb-debian\/\">Instal\u00b7laci\u00f3 de Moodle a la m\u00e0quina amb Debian (WEB Tarik)<\/a><\/div>\n\n\n\n<div class=\"wp-block-button\"><a class=\"wp-block-button__link wp-element-button\" href=\"https:\/\/ealba.inscastellbisbal.net\/index.php\/2025\/11\/21\/gestio-usuaris\/\">Gesti\u00f3 usuaris (WEB Edgar)<\/a><\/div>\n\n\n\n<div class=\"wp-block-button\"><a class=\"wp-block-button__link wp-element-button\" href=\"https:\/\/taberdane.inscastellbisbal.net\/creacio-de-cursos\/\">Creaci\u00f3 de cursos (WEB Tarik)<\/a><\/div>\n\n\n\n<div class=\"wp-block-button\"><a class=\"wp-block-button__link wp-element-button\" href=\"https:\/\/taberdane.inscastellbisbal.net\/creacio-de-proves-linguistiques\/\">Creaci\u00f3 de proves ling\u00fc\u00edstiques (WEB Tarik)<\/a><\/div>\n\n\n\n<div class=\"wp-block-button\"><a class=\"wp-block-button__link wp-element-button\" href=\"https:\/\/jperez.inscastellbisbal.net\/index.php\/cohorts\/\">Cohorts<\/a><\/div>\n\n\n\n<div class=\"wp-block-button\"><a class=\"wp-block-button__link wp-element-button\" href=\"https:\/\/taberdane.inscastellbisbal.net\/caducitat-de-subscripcions\/\">Caducitat de subscripcions (WEB Tarik)<\/a><\/div>\n<\/div>\n\n\n\n<p><\/p>\n","protected":false},"excerpt":{"rendered":"","protected":false},"author":1,"featured_media":0,"parent":0,"menu_order":0,"comment_status":"closed","ping_status":"closed","template":"","meta":{"footnotes":""},"class_list":["post-808","page","type-page","status-publish","hentry"],"_links":{"self":[{"href":"https:\/\/jperez.inscastellbisbal.net\/index.php\/wp-json\/wp\/v2\/pages\/808","targetHints":{"allow":["GET"]}}],"collection":[{"href":"https:\/\/jperez.inscastellbisbal.net\/index.php\/wp-json\/wp\/v2\/pages"}],"about":[{"href":"https:\/\/jperez.inscastellbisbal.net\/index.php\/wp-json\/wp\/v2\/types\/page"}],"author":[{"embeddable":true,"href":"https:\/\/jperez.inscastellbisbal.net\/index.php\/wp-json\/wp\/v2\/users\/1"}],"replies":[{"embeddable":true,"href":"https:\/\/jperez.inscastellbisbal.net\/index.php\/wp-json\/wp\/v2\/comments?post=808"}],"version-history":[{"count":9,"href":"https:\/\/jperez.inscastellbisbal.net\/index.php\/wp-json\/wp\/v2\/pages\/808\/revisions"}],"predecessor-version":[{"id":1232,"href":"https:\/\/jperez.inscastellbisbal.net\/index.php\/wp-json\/wp\/v2\/pages\/808\/revisions\/1232"}],"wp:attachment":[{"href":"https:\/\/jperez.inscastellbisbal.net\/index.php\/wp-json\/wp\/v2\/media?parent=808"}],"curies":[{"name":"wp","href":"https:\/\/api.w.org\/{rel}","templated":true}]}}