{"id":735,"date":"2025-10-10T08:52:03","date_gmt":"2025-10-10T08:52:03","guid":{"rendered":"https:\/\/jperez.inscastellbisbal.net\/?page_id=735"},"modified":"2025-10-10T09:03:49","modified_gmt":"2025-10-10T09:03:49","slug":"fases-electricas","status":"publish","type":"page","link":"https:\/\/jperez.inscastellbisbal.net\/index.php\/fases-electricas\/","title":{"rendered":"Fases el\u00e8ctriques"},"content":{"rendered":"\n<p>Les fases el\u00e8ctriques s\u00f3n els conductors per on circula el corrent altern.<\/p>\n\n\n\n<p>A la font d\u2019alimentaci\u00f3, serveixen per transformar l\u2019AC en DC per alimentar els components.<\/p>\n\n\n\n<figure class=\"wp-block-table\"><table class=\"has-fixed-layout\"><thead><tr><th>Tipus de sistema<\/th><th>Nombre de fases<\/th><th>Tensi\u00f3 habitual<\/th><th>\u00das principal<\/th><th>Avantatges<\/th><th>Inconvenients<\/th><\/tr><\/thead><tbody><tr><td><strong>Monof\u00e0sic<\/strong><\/td><td>1 fase + neutre<\/td><td>230 V<\/td><td>Llar i oficines petites<\/td><td>Instal\u00b7laci\u00f3 senzilla i econ\u00f2mica<\/td><td>Pot\u00e8ncia limitada<\/td><\/tr><tr><td><strong>Bif\u00e0sic<\/strong><\/td><td>2 fases<\/td><td>230\u2013400 V<\/td><td>Poc com\u00fa, alguns equips antics<\/td><td>Pot\u00e8ncia una mica m\u00e9s alta que el monof\u00e0sic<\/td><td>Dif\u00edcil de trobar actualment<\/td><\/tr><tr><td><strong>Trif\u00e0sic<\/strong><\/td><td>3 fases + neutre<\/td><td>400 V<\/td><td>Ind\u00fastries i grans edificis<\/td><td>M\u00e9s pot\u00e8ncia i efici\u00e8ncia<\/td><td>Instal\u00b7laci\u00f3 m\u00e9s complexa i cara<\/td><\/tr><\/tbody><\/table><\/figure>\n","protected":false},"excerpt":{"rendered":"<p>Les fases el\u00e8ctriques s\u00f3n els conductors per on circula el corrent altern. A la font d\u2019alimentaci\u00f3, serveixen per transformar l\u2019AC en DC per alimentar els components. Tipus de sistema Nombre de fases Tensi\u00f3 habitual \u00das principal Avantatges Inconvenients Monof\u00e0sic 1 fase + neutre 230 V Llar i oficines petites Instal\u00b7laci\u00f3 [&hellip;]<\/p>\n","protected":false},"author":1,"featured_media":0,"parent":0,"menu_order":0,"comment_status":"closed","ping_status":"closed","template":"","meta":{"footnotes":""},"class_list":["post-735","page","type-page","status-publish","hentry"],"_links":{"self":[{"href":"https:\/\/jperez.inscastellbisbal.net\/index.php\/wp-json\/wp\/v2\/pages\/735","targetHints":{"allow":["GET"]}}],"collection":[{"href":"https:\/\/jperez.inscastellbisbal.net\/index.php\/wp-json\/wp\/v2\/pages"}],"about":[{"href":"https:\/\/jperez.inscastellbisbal.net\/index.php\/wp-json\/wp\/v2\/types\/page"}],"author":[{"embeddable":true,"href":"https:\/\/jperez.inscastellbisbal.net\/index.php\/wp-json\/wp\/v2\/users\/1"}],"replies":[{"embeddable":true,"href":"https:\/\/jperez.inscastellbisbal.net\/index.php\/wp-json\/wp\/v2\/comments?post=735"}],"version-history":[{"count":2,"href":"https:\/\/jperez.inscastellbisbal.net\/index.php\/wp-json\/wp\/v2\/pages\/735\/revisions"}],"predecessor-version":[{"id":739,"href":"https:\/\/jperez.inscastellbisbal.net\/index.php\/wp-json\/wp\/v2\/pages\/735\/revisions\/739"}],"wp:attachment":[{"href":"https:\/\/jperez.inscastellbisbal.net\/index.php\/wp-json\/wp\/v2\/media?parent=735"}],"curies":[{"name":"wp","href":"https:\/\/api.w.org\/{rel}","templated":true}]}}