{"id":532,"date":"2025-09-24T11:14:06","date_gmt":"2025-09-24T11:14:06","guid":{"rendered":"https:\/\/jperez.inscastellbisbal.net\/?page_id=532"},"modified":"2025-10-21T06:09:42","modified_gmt":"2025-10-21T06:09:42","slug":"instal%c2%b7lacio-de-virtualbox-i-vagrant","status":"publish","type":"page","link":"https:\/\/jperez.inscastellbisbal.net\/index.php\/instal%c2%b7lacio-de-virtualbox-i-vagrant\/","title":{"rendered":"Instal\u00b7laci\u00f3 de VirtualBox i Vagrant"},"content":{"rendered":"\n<p>Busca VirtualBox i sortir\u00e0 all\u00f2 de la primera foto, abaixant ja podr\u00e0s encontrar all\u00f2 que hi ha en la segona imatge, clica el bot\u00f3 de, Accept and download.<\/p>\n\n\n\n<figure class=\"wp-block-image size-large\"><img fetchpriority=\"high\" decoding=\"async\" width=\"1024\" height=\"227\" src=\"https:\/\/jperez.inscastellbisbal.net\/wp-content\/uploads\/2025\/09\/image-62-1024x227.png\" alt=\"\" class=\"wp-image-535\" srcset=\"https:\/\/jperez.inscastellbisbal.net\/wp-content\/uploads\/2025\/09\/image-62-1024x227.png 1024w, https:\/\/jperez.inscastellbisbal.net\/wp-content\/uploads\/2025\/09\/image-62-300x66.png 300w, https:\/\/jperez.inscastellbisbal.net\/wp-content\/uploads\/2025\/09\/image-62-768x170.png 768w, https:\/\/jperez.inscastellbisbal.net\/wp-content\/uploads\/2025\/09\/image-62-1536x340.png 1536w, https:\/\/jperez.inscastellbisbal.net\/wp-content\/uploads\/2025\/09\/image-62.png 1904w\" sizes=\"(max-width: 1024px) 100vw, 1024px\" \/><\/figure>\n\n\n\n<figure class=\"wp-block-image size-full is-resized\"><img decoding=\"async\" width=\"826\" height=\"384\" src=\"https:\/\/jperez.inscastellbisbal.net\/wp-content\/uploads\/2025\/09\/image-63.png\" alt=\"\" class=\"wp-image-536\" style=\"width:840px;height:auto\" srcset=\"https:\/\/jperez.inscastellbisbal.net\/wp-content\/uploads\/2025\/09\/image-63.png 826w, https:\/\/jperez.inscastellbisbal.net\/wp-content\/uploads\/2025\/09\/image-63-300x139.png 300w, https:\/\/jperez.inscastellbisbal.net\/wp-content\/uploads\/2025\/09\/image-63-768x357.png 768w\" sizes=\"(max-width: 826px) 100vw, 826px\" \/><\/figure>\n\n\n\n<figure class=\"wp-block-image size-full\"><img decoding=\"async\" width=\"165\" height=\"134\" src=\"https:\/\/jperez.inscastellbisbal.net\/wp-content\/uploads\/2025\/10\/image-6.png\" alt=\"\" class=\"wp-image-723\"\/><\/figure>\n\n\n\n<hr class=\"wp-block-separator has-alpha-channel-opacity\"\/>\n\n\n\n<p>Busca Vagrant i clica a l&#8217;enlla\u00e7 oficial, despr\u00e9s surt aix\u00f2 de la imatge.<\/p>\n\n\n\n<figure class=\"wp-block-image size-large\"><img loading=\"lazy\" decoding=\"async\" width=\"1024\" height=\"473\" src=\"https:\/\/jperez.inscastellbisbal.net\/wp-content\/uploads\/2025\/09\/image-66-1024x473.png\" alt=\"\" class=\"wp-image-540\" srcset=\"https:\/\/jperez.inscastellbisbal.net\/wp-content\/uploads\/2025\/09\/image-66-1024x473.png 1024w, https:\/\/jperez.inscastellbisbal.net\/wp-content\/uploads\/2025\/09\/image-66-300x139.png 300w, https:\/\/jperez.inscastellbisbal.net\/wp-content\/uploads\/2025\/09\/image-66-768x355.png 768w, https:\/\/jperez.inscastellbisbal.net\/wp-content\/uploads\/2025\/09\/image-66-1536x709.png 1536w, https:\/\/jperez.inscastellbisbal.net\/wp-content\/uploads\/2025\/09\/image-66.png 1908w\" sizes=\"(max-width: 1024px) 100vw, 1024px\" \/><\/figure>\n\n\n\n<p>Descarrega el que vulguis.<\/p>\n\n\n\n<figure class=\"wp-block-image size-full\"><img loading=\"lazy\" decoding=\"async\" width=\"896\" height=\"339\" src=\"https:\/\/jperez.inscastellbisbal.net\/wp-content\/uploads\/2025\/09\/image-68.png\" alt=\"\" class=\"wp-image-543\" srcset=\"https:\/\/jperez.inscastellbisbal.net\/wp-content\/uploads\/2025\/09\/image-68.png 896w, https:\/\/jperez.inscastellbisbal.net\/wp-content\/uploads\/2025\/09\/image-68-300x114.png 300w, https:\/\/jperez.inscastellbisbal.net\/wp-content\/uploads\/2025\/09\/image-68-768x291.png 768w\" sizes=\"(max-width: 896px) 100vw, 896px\" \/><\/figure>\n\n\n\n<figure class=\"wp-block-image size-full\"><img loading=\"lazy\" decoding=\"async\" width=\"896\" height=\"196\" src=\"https:\/\/jperez.inscastellbisbal.net\/wp-content\/uploads\/2025\/09\/image-69.png\" alt=\"\" class=\"wp-image-545\" srcset=\"https:\/\/jperez.inscastellbisbal.net\/wp-content\/uploads\/2025\/09\/image-69.png 896w, https:\/\/jperez.inscastellbisbal.net\/wp-content\/uploads\/2025\/09\/image-69-300x66.png 300w, https:\/\/jperez.inscastellbisbal.net\/wp-content\/uploads\/2025\/09\/image-69-768x168.png 768w\" sizes=\"(max-width: 896px) 100vw, 896px\" \/><\/figure>\n\n\n\n<figure class=\"wp-block-image size-full\"><img loading=\"lazy\" decoding=\"async\" width=\"896\" height=\"528\" src=\"https:\/\/jperez.inscastellbisbal.net\/wp-content\/uploads\/2025\/09\/image-67.png\" alt=\"\" class=\"wp-image-541\" srcset=\"https:\/\/jperez.inscastellbisbal.net\/wp-content\/uploads\/2025\/09\/image-67.png 896w, https:\/\/jperez.inscastellbisbal.net\/wp-content\/uploads\/2025\/09\/image-67-300x177.png 300w, https:\/\/jperez.inscastellbisbal.net\/wp-content\/uploads\/2025\/09\/image-67-768x453.png 768w\" sizes=\"(max-width: 896px) 100vw, 896px\" \/><\/figure>\n","protected":false},"excerpt":{"rendered":"<p>Busca VirtualBox i sortir\u00e0 all\u00f2 de la primera foto, abaixant ja podr\u00e0s encontrar all\u00f2 que hi ha en la segona imatge, clica el bot\u00f3 de, Accept and download. Busca Vagrant i clica a l&#8217;enlla\u00e7 oficial, despr\u00e9s surt aix\u00f2 de la imatge. Descarrega el que vulguis.<\/p>\n","protected":false},"author":1,"featured_media":0,"parent":0,"menu_order":0,"comment_status":"closed","ping_status":"closed","template":"","meta":{"footnotes":""},"class_list":["post-532","page","type-page","status-publish","hentry"],"_links":{"self":[{"href":"https:\/\/jperez.inscastellbisbal.net\/index.php\/wp-json\/wp\/v2\/pages\/532","targetHints":{"allow":["GET"]}}],"collection":[{"href":"https:\/\/jperez.inscastellbisbal.net\/index.php\/wp-json\/wp\/v2\/pages"}],"about":[{"href":"https:\/\/jperez.inscastellbisbal.net\/index.php\/wp-json\/wp\/v2\/types\/page"}],"author":[{"embeddable":true,"href":"https:\/\/jperez.inscastellbisbal.net\/index.php\/wp-json\/wp\/v2\/users\/1"}],"replies":[{"embeddable":true,"href":"https:\/\/jperez.inscastellbisbal.net\/index.php\/wp-json\/wp\/v2\/comments?post=532"}],"version-history":[{"count":5,"href":"https:\/\/jperez.inscastellbisbal.net\/index.php\/wp-json\/wp\/v2\/pages\/532\/revisions"}],"predecessor-version":[{"id":773,"href":"https:\/\/jperez.inscastellbisbal.net\/index.php\/wp-json\/wp\/v2\/pages\/532\/revisions\/773"}],"wp:attachment":[{"href":"https:\/\/jperez.inscastellbisbal.net\/index.php\/wp-json\/wp\/v2\/media?parent=532"}],"curies":[{"name":"wp","href":"https:\/\/api.w.org\/{rel}","templated":true}]}}