{"id":379,"date":"2025-09-23T09:04:05","date_gmt":"2025-09-23T09:04:05","guid":{"rendered":"https:\/\/jperez.inscastellbisbal.net\/?page_id=379"},"modified":"2025-10-16T06:20:10","modified_gmt":"2025-10-16T06:20:10","slug":"utilitzacio-duna-tonalitat-de-colors-corporativa","status":"publish","type":"page","link":"https:\/\/jperez.inscastellbisbal.net\/index.php\/utilitzacio-duna-tonalitat-de-colors-corporativa\/","title":{"rendered":"Utilitzaci\u00f3 d&#8217;una tonalitat de colors corporativa"},"content":{"rendered":"\n<p>Tinc al fons que \u00e9s verd fosc, i al color que baix a fer servir com color de la meva web \u00e9s el verd (el fosc principalment, per\u00f2 tamb\u00e9 usar\u00e9 altre ver o altre color que quedi ve amb el verd).<\/p>\n\n\n\n<figure class=\"wp-block-image size-large\"><img fetchpriority=\"high\" decoding=\"async\" width=\"1024\" height=\"427\" src=\"https:\/\/jperez.inscastellbisbal.net\/wp-content\/uploads\/2025\/09\/image-36-1024x427.png\" alt=\"\" class=\"wp-image-384\" srcset=\"https:\/\/jperez.inscastellbisbal.net\/wp-content\/uploads\/2025\/09\/image-36-1024x427.png 1024w, https:\/\/jperez.inscastellbisbal.net\/wp-content\/uploads\/2025\/09\/image-36-300x125.png 300w, https:\/\/jperez.inscastellbisbal.net\/wp-content\/uploads\/2025\/09\/image-36-768x320.png 768w, https:\/\/jperez.inscastellbisbal.net\/wp-content\/uploads\/2025\/09\/image-36-1536x641.png 1536w, https:\/\/jperez.inscastellbisbal.net\/wp-content\/uploads\/2025\/09\/image-36.png 1868w\" sizes=\"(max-width: 1024px) 100vw, 1024px\" \/><\/figure>\n\n\n\n<p>Per exemple la meva p\u00e0gina \u00e9s ver on est\u00e0 el t\u00edtol. Tinc un blau flux en els costats porque penso que queda b\u00e9.<\/p>\n\n\n\n<figure class=\"wp-block-image size-large\"><img decoding=\"async\" width=\"1024\" height=\"510\" src=\"https:\/\/jperez.inscastellbisbal.net\/wp-content\/uploads\/2025\/09\/image-37-1024x510.png\" alt=\"\" class=\"wp-image-387\" srcset=\"https:\/\/jperez.inscastellbisbal.net\/wp-content\/uploads\/2025\/09\/image-37-1024x510.png 1024w, https:\/\/jperez.inscastellbisbal.net\/wp-content\/uploads\/2025\/09\/image-37-300x149.png 300w, https:\/\/jperez.inscastellbisbal.net\/wp-content\/uploads\/2025\/09\/image-37-768x383.png 768w, https:\/\/jperez.inscastellbisbal.net\/wp-content\/uploads\/2025\/09\/image-37-1536x765.png 1536w, https:\/\/jperez.inscastellbisbal.net\/wp-content\/uploads\/2025\/09\/image-37.png 1897w\" sizes=\"(max-width: 1024px) 100vw, 1024px\" \/><\/figure>\n","protected":false},"excerpt":{"rendered":"<p>Tinc al fons que \u00e9s verd fosc, i al color que baix a fer servir com color de la meva web \u00e9s el verd (el fosc principalment, per\u00f2 tamb\u00e9 usar\u00e9 altre ver o altre color que quedi ve amb el verd). Per exemple la meva p\u00e0gina \u00e9s ver on est\u00e0 [&hellip;]<\/p>\n","protected":false},"author":1,"featured_media":0,"parent":0,"menu_order":0,"comment_status":"closed","ping_status":"closed","template":"","meta":{"footnotes":""},"class_list":["post-379","page","type-page","status-publish","hentry"],"_links":{"self":[{"href":"https:\/\/jperez.inscastellbisbal.net\/index.php\/wp-json\/wp\/v2\/pages\/379","targetHints":{"allow":["GET"]}}],"collection":[{"href":"https:\/\/jperez.inscastellbisbal.net\/index.php\/wp-json\/wp\/v2\/pages"}],"about":[{"href":"https:\/\/jperez.inscastellbisbal.net\/index.php\/wp-json\/wp\/v2\/types\/page"}],"author":[{"embeddable":true,"href":"https:\/\/jperez.inscastellbisbal.net\/index.php\/wp-json\/wp\/v2\/users\/1"}],"replies":[{"embeddable":true,"href":"https:\/\/jperez.inscastellbisbal.net\/index.php\/wp-json\/wp\/v2\/comments?post=379"}],"version-history":[{"count":4,"href":"https:\/\/jperez.inscastellbisbal.net\/index.php\/wp-json\/wp\/v2\/pages\/379\/revisions"}],"predecessor-version":[{"id":766,"href":"https:\/\/jperez.inscastellbisbal.net\/index.php\/wp-json\/wp\/v2\/pages\/379\/revisions\/766"}],"wp:attachment":[{"href":"https:\/\/jperez.inscastellbisbal.net\/index.php\/wp-json\/wp\/v2\/media?parent=379"}],"curies":[{"name":"wp","href":"https:\/\/api.w.org\/{rel}","templated":true}]}}