{"id":360,"date":"2025-09-23T08:46:38","date_gmt":"2025-09-23T08:46:38","guid":{"rendered":"https:\/\/jperez.inscastellbisbal.net\/?page_id=360"},"modified":"2025-10-16T06:19:04","modified_gmt":"2025-10-16T06:19:04","slug":"plantilla-del-disseny-de-les-pagines-text-imatges-ubicacio","status":"publish","type":"page","link":"https:\/\/jperez.inscastellbisbal.net\/index.php\/plantilla-del-disseny-de-les-pagines-text-imatges-ubicacio\/","title":{"rendered":"Plantilla del disseny de les p\u00e0gines (text, imatges, ubicaci\u00f3)"},"content":{"rendered":"\t\t<div data-elementor-type=\"wp-page\" data-elementor-id=\"360\" class=\"elementor elementor-360\">\n\t\t\t\t<div class=\"elementor-element elementor-element-115aca81 e-flex e-con-boxed e-con e-parent\" data-id=\"115aca81\" data-element_type=\"container\" data-e-type=\"container\">\n\t\t\t\t\t<div class=\"e-con-inner\">\n\t\t\t\t<div class=\"elementor-element elementor-element-2a4ce933 elementor-widget elementor-widget-text-editor\" data-id=\"2a4ce933\" data-element_type=\"widget\" data-e-type=\"widget\" data-widget_type=\"text-editor.default\">\n\t\t\t\t\t\t\t\t\t\n<p>Aquest \u00e9s el disseny que he posat per les p\u00e0gines de la WEB.<\/p>\n\n<figure class=\"wp-block-image size-large\"><img fetchpriority=\"high\" decoding=\"async\" width=\"1024\" height=\"479\" src=\"https:\/\/jperez.inscastellbisbal.net\/wp-content\/uploads\/2025\/09\/image-35-1024x479.png\" alt=\"\" class=\"wp-image-362\" srcset=\"https:\/\/jperez.inscastellbisbal.net\/wp-content\/uploads\/2025\/09\/image-35-1024x479.png 1024w, https:\/\/jperez.inscastellbisbal.net\/wp-content\/uploads\/2025\/09\/image-35-300x140.png 300w, https:\/\/jperez.inscastellbisbal.net\/wp-content\/uploads\/2025\/09\/image-35-768x359.png 768w, https:\/\/jperez.inscastellbisbal.net\/wp-content\/uploads\/2025\/09\/image-35-1536x718.png 1536w, https:\/\/jperez.inscastellbisbal.net\/wp-content\/uploads\/2025\/09\/image-35.png 1902w\" sizes=\"(max-width: 1024px) 100vw, 1024px\" \/><\/figure>\n<p><\/p>\n\n<p>Jo tic aquestes 2 imatges per la pantalla principal de la meva WEB, son fons d&#8217;inform\u00e0tic.<\/p>\n\n<figure class=\"wp-block-image size-full\"><img decoding=\"async\" width=\"1000\" height=\"618\" src=\"https:\/\/jperez.inscastellbisbal.net\/wp-content\/uploads\/2025\/09\/info-fondo-1.jpg\" alt=\"\" class=\"wp-image-368\" srcset=\"https:\/\/jperez.inscastellbisbal.net\/wp-content\/uploads\/2025\/09\/info-fondo-1.jpg 1000w, https:\/\/jperez.inscastellbisbal.net\/wp-content\/uploads\/2025\/09\/info-fondo-1-300x185.jpg 300w, https:\/\/jperez.inscastellbisbal.net\/wp-content\/uploads\/2025\/09\/info-fondo-1-768x475.jpg 768w\" sizes=\"(max-width: 1000px) 100vw, 1000px\" \/><\/figure>\n<p><\/p>\n\n<figure class=\"wp-block-image size-full\"><img decoding=\"async\" src=\"https:\/\/jperez.inscastellbisbal.net\/wp-content\/uploads\/2025\/09\/infor.avif\" alt=\"\" class=\"wp-image-370\" \/><\/figure>\n<p><\/p>\n<p>Aqu\u00ed et deixo la ubicaci\u00f3 de l&#8217;institut.<\/p>\n\t\t\t\t\t\t\t\t<\/div>\n\t\t\t\t<div class=\"elementor-element elementor-element-ea43cd1 elementor-widget elementor-widget-google_maps\" data-id=\"ea43cd1\" data-element_type=\"widget\" data-e-type=\"widget\" data-widget_type=\"google_maps.default\">\n\t\t\t\t\t\t\t<div class=\"elementor-custom-embed\">\n\t\t\t<iframe loading=\"lazy\"\n\t\t\t\t\tsrc=\"https:\/\/maps.google.com\/maps?q=institut%20castellbisbal&#038;t=m&#038;z=10&#038;output=embed&#038;iwloc=near\"\n\t\t\t\t\ttitle=\"institut castellbisbal\"\n\t\t\t\t\taria-label=\"institut castellbisbal\"\n\t\t\t><\/iframe>\n\t\t<\/div>\n\t\t\t\t\t\t<\/div>\n\t\t\t\t\t<\/div>\n\t\t\t\t<\/div>\n\t\t\t\t<\/div>\n\t\t","protected":false},"excerpt":{"rendered":"<p>Aquest \u00e9s el disseny que he posat per les p\u00e0gines de la WEB. Jo tic aquestes 2 imatges per la pantalla principal de la meva WEB, son fons d&#8217;inform\u00e0tic.<\/p>\n","protected":false},"author":1,"featured_media":0,"parent":0,"menu_order":0,"comment_status":"closed","ping_status":"closed","template":"","meta":{"footnotes":""},"class_list":["post-360","page","type-page","status-publish","hentry"],"_links":{"self":[{"href":"https:\/\/jperez.inscastellbisbal.net\/index.php\/wp-json\/wp\/v2\/pages\/360","targetHints":{"allow":["GET"]}}],"collection":[{"href":"https:\/\/jperez.inscastellbisbal.net\/index.php\/wp-json\/wp\/v2\/pages"}],"about":[{"href":"https:\/\/jperez.inscastellbisbal.net\/index.php\/wp-json\/wp\/v2\/types\/page"}],"author":[{"embeddable":true,"href":"https:\/\/jperez.inscastellbisbal.net\/index.php\/wp-json\/wp\/v2\/users\/1"}],"replies":[{"embeddable":true,"href":"https:\/\/jperez.inscastellbisbal.net\/index.php\/wp-json\/wp\/v2\/comments?post=360"}],"version-history":[{"count":16,"href":"https:\/\/jperez.inscastellbisbal.net\/index.php\/wp-json\/wp\/v2\/pages\/360\/revisions"}],"predecessor-version":[{"id":765,"href":"https:\/\/jperez.inscastellbisbal.net\/index.php\/wp-json\/wp\/v2\/pages\/360\/revisions\/765"}],"wp:attachment":[{"href":"https:\/\/jperez.inscastellbisbal.net\/index.php\/wp-json\/wp\/v2\/media?parent=360"}],"curies":[{"name":"wp","href":"https:\/\/api.w.org\/{rel}","templated":true}]}}