{"id":319,"date":"2025-09-23T07:27:18","date_gmt":"2025-09-23T07:27:18","guid":{"rendered":"https:\/\/jperez.inscastellbisbal.net\/?page_id=319"},"modified":"2025-10-16T06:13:12","modified_gmt":"2025-10-16T06:13:12","slug":"eleccio-dun-tema","status":"publish","type":"page","link":"https:\/\/jperez.inscastellbisbal.net\/index.php\/eleccio-dun-tema\/","title":{"rendered":"Elecci\u00f3 d\u2019un tema"},"content":{"rendered":"\n<p>Dona a Aparence i despr\u00e9s a Themes.<\/p>\n\n\n\n<figure class=\"wp-block-image size-full\"><img decoding=\"async\" width=\"160\" height=\"265\" src=\"https:\/\/jperez.inscastellbisbal.net\/wp-content\/uploads\/2025\/09\/image-23.png\" alt=\"\" class=\"wp-image-329\"\/><\/figure>\n\n\n\n<p>Pots afegir m\u00e9s Themes si vols o si t&#8217;agrada altre tema.<\/p>\n\n\n\n<figure class=\"wp-block-image size-full is-resized\"><img fetchpriority=\"high\" decoding=\"async\" width=\"387\" height=\"339\" src=\"https:\/\/jperez.inscastellbisbal.net\/wp-content\/uploads\/2025\/09\/image-24.png\" alt=\"\" class=\"wp-image-333\" style=\"width:377px;height:auto\" srcset=\"https:\/\/jperez.inscastellbisbal.net\/wp-content\/uploads\/2025\/09\/image-24.png 387w, https:\/\/jperez.inscastellbisbal.net\/wp-content\/uploads\/2025\/09\/image-24-300x263.png 300w\" sizes=\"(max-width: 387px) 100vw, 387px\" \/><\/figure>\n\n\n\n<p>Jo baix posar aquest Thema.<\/p>\n\n\n\n<figure class=\"wp-block-image size-full\"><img decoding=\"async\" width=\"379\" height=\"334\" src=\"https:\/\/jperez.inscastellbisbal.net\/wp-content\/uploads\/2025\/09\/image-18.png\" alt=\"\" class=\"wp-image-323\" srcset=\"https:\/\/jperez.inscastellbisbal.net\/wp-content\/uploads\/2025\/09\/image-18.png 379w, https:\/\/jperez.inscastellbisbal.net\/wp-content\/uploads\/2025\/09\/image-18-300x264.png 300w\" sizes=\"(max-width: 379px) 100vw, 379px\" \/><\/figure>\n\n\n\n<p>Ara el tinc aix\u00ed la WEB, el baix editar al meu gust i aprofitant coses que donava el thema per defecte.<\/p>\n\n\n\n<figure class=\"wp-block-image size-large\"><img loading=\"lazy\" decoding=\"async\" width=\"1024\" height=\"426\" src=\"https:\/\/jperez.inscastellbisbal.net\/wp-content\/uploads\/2025\/09\/image-19-1024x426.png\" alt=\"\" class=\"wp-image-324\" srcset=\"https:\/\/jperez.inscastellbisbal.net\/wp-content\/uploads\/2025\/09\/image-19-1024x426.png 1024w, https:\/\/jperez.inscastellbisbal.net\/wp-content\/uploads\/2025\/09\/image-19-300x125.png 300w, https:\/\/jperez.inscastellbisbal.net\/wp-content\/uploads\/2025\/09\/image-19-768x320.png 768w, https:\/\/jperez.inscastellbisbal.net\/wp-content\/uploads\/2025\/09\/image-19-1536x639.png 1536w, https:\/\/jperez.inscastellbisbal.net\/wp-content\/uploads\/2025\/09\/image-19.png 1881w\" sizes=\"(max-width: 1024px) 100vw, 1024px\" \/><\/figure>\n\n\n\n<figure class=\"wp-block-image size-large\"><img loading=\"lazy\" decoding=\"async\" width=\"1024\" height=\"239\" src=\"https:\/\/jperez.inscastellbisbal.net\/wp-content\/uploads\/2025\/09\/image-20-1024x239.png\" alt=\"\" class=\"wp-image-325\" srcset=\"https:\/\/jperez.inscastellbisbal.net\/wp-content\/uploads\/2025\/09\/image-20-1024x239.png 1024w, https:\/\/jperez.inscastellbisbal.net\/wp-content\/uploads\/2025\/09\/image-20-300x70.png 300w, https:\/\/jperez.inscastellbisbal.net\/wp-content\/uploads\/2025\/09\/image-20-768x179.png 768w, https:\/\/jperez.inscastellbisbal.net\/wp-content\/uploads\/2025\/09\/image-20-1536x358.png 1536w, https:\/\/jperez.inscastellbisbal.net\/wp-content\/uploads\/2025\/09\/image-20.png 1820w\" sizes=\"(max-width: 1024px) 100vw, 1024px\" \/><\/figure>\n\n\n\n<figure class=\"wp-block-image size-large\"><img loading=\"lazy\" decoding=\"async\" width=\"1024\" height=\"267\" src=\"https:\/\/jperez.inscastellbisbal.net\/wp-content\/uploads\/2025\/09\/image-21-1024x267.png\" alt=\"\" class=\"wp-image-326\" srcset=\"https:\/\/jperez.inscastellbisbal.net\/wp-content\/uploads\/2025\/09\/image-21-1024x267.png 1024w, https:\/\/jperez.inscastellbisbal.net\/wp-content\/uploads\/2025\/09\/image-21-300x78.png 300w, https:\/\/jperez.inscastellbisbal.net\/wp-content\/uploads\/2025\/09\/image-21-768x200.png 768w, https:\/\/jperez.inscastellbisbal.net\/wp-content\/uploads\/2025\/09\/image-21-1536x400.png 1536w, https:\/\/jperez.inscastellbisbal.net\/wp-content\/uploads\/2025\/09\/image-21.png 1848w\" sizes=\"(max-width: 1024px) 100vw, 1024px\" \/><\/figure>\n\n\n\n<figure class=\"wp-block-image size-large\"><img loading=\"lazy\" decoding=\"async\" width=\"1024\" height=\"268\" src=\"https:\/\/jperez.inscastellbisbal.net\/wp-content\/uploads\/2025\/09\/image-22-1024x268.png\" alt=\"\" class=\"wp-image-327\" srcset=\"https:\/\/jperez.inscastellbisbal.net\/wp-content\/uploads\/2025\/09\/image-22-1024x268.png 1024w, https:\/\/jperez.inscastellbisbal.net\/wp-content\/uploads\/2025\/09\/image-22-300x79.png 300w, https:\/\/jperez.inscastellbisbal.net\/wp-content\/uploads\/2025\/09\/image-22-768x201.png 768w, https:\/\/jperez.inscastellbisbal.net\/wp-content\/uploads\/2025\/09\/image-22-1536x402.png 1536w, https:\/\/jperez.inscastellbisbal.net\/wp-content\/uploads\/2025\/09\/image-22.png 1897w\" sizes=\"(max-width: 1024px) 100vw, 1024px\" \/><\/figure>\n\n\n\n<p><\/p>\n","protected":false},"excerpt":{"rendered":"<p>Dona a Aparence i despr\u00e9s a Themes. Pots afegir m\u00e9s Themes si vols o si t&#8217;agrada altre tema. Jo baix posar aquest Thema. Ara el tinc aix\u00ed la WEB, el baix editar al meu gust i aprofitant coses que donava el thema per defecte.<\/p>\n","protected":false},"author":1,"featured_media":0,"parent":0,"menu_order":0,"comment_status":"closed","ping_status":"closed","template":"","meta":{"footnotes":""},"class_list":["post-319","page","type-page","status-publish","hentry"],"_links":{"self":[{"href":"https:\/\/jperez.inscastellbisbal.net\/index.php\/wp-json\/wp\/v2\/pages\/319","targetHints":{"allow":["GET"]}}],"collection":[{"href":"https:\/\/jperez.inscastellbisbal.net\/index.php\/wp-json\/wp\/v2\/pages"}],"about":[{"href":"https:\/\/jperez.inscastellbisbal.net\/index.php\/wp-json\/wp\/v2\/types\/page"}],"author":[{"embeddable":true,"href":"https:\/\/jperez.inscastellbisbal.net\/index.php\/wp-json\/wp\/v2\/users\/1"}],"replies":[{"embeddable":true,"href":"https:\/\/jperez.inscastellbisbal.net\/index.php\/wp-json\/wp\/v2\/comments?post=319"}],"version-history":[{"count":6,"href":"https:\/\/jperez.inscastellbisbal.net\/index.php\/wp-json\/wp\/v2\/pages\/319\/revisions"}],"predecessor-version":[{"id":755,"href":"https:\/\/jperez.inscastellbisbal.net\/index.php\/wp-json\/wp\/v2\/pages\/319\/revisions\/755"}],"wp:attachment":[{"href":"https:\/\/jperez.inscastellbisbal.net\/index.php\/wp-json\/wp\/v2\/media?parent=319"}],"curies":[{"name":"wp","href":"https:\/\/api.w.org\/{rel}","templated":true}]}}