{"id":301,"date":"2025-09-23T06:49:16","date_gmt":"2025-09-23T06:49:16","guid":{"rendered":"https:\/\/jperez.inscastellbisbal.net\/?page_id=301"},"modified":"2025-10-21T07:09:22","modified_gmt":"2025-10-21T07:09:22","slug":"creacio-dun-correu-per-temes-academics-i-professionals-identificatiu","status":"publish","type":"page","link":"https:\/\/jperez.inscastellbisbal.net\/index.php\/creacio-dun-correu-per-temes-academics-i-professionals-identificatiu\/","title":{"rendered":"Creaci\u00f3 d&#8217;un correu per temes acad\u00e8mics i professionals identificatiu"},"content":{"rendered":"\n<p>Per a crear un compte de Gmail primer mana a posar el teu nom i cognoms (opcional).<\/p>\n\n\n\n<figure class=\"wp-block-image size-large\"><img fetchpriority=\"high\" decoding=\"async\" width=\"1024\" height=\"378\" src=\"https:\/\/jperez.inscastellbisbal.net\/wp-content\/uploads\/2025\/09\/image-13-1024x378.png\" alt=\"\" class=\"wp-image-305\" srcset=\"https:\/\/jperez.inscastellbisbal.net\/wp-content\/uploads\/2025\/09\/image-13-1024x378.png 1024w, https:\/\/jperez.inscastellbisbal.net\/wp-content\/uploads\/2025\/09\/image-13-300x111.png 300w, https:\/\/jperez.inscastellbisbal.net\/wp-content\/uploads\/2025\/09\/image-13-768x284.png 768w, https:\/\/jperez.inscastellbisbal.net\/wp-content\/uploads\/2025\/09\/image-13.png 1040w\" sizes=\"(max-width: 1024px) 100vw, 1024px\" \/><\/figure>\n\n\n\n<hr class=\"wp-block-separator has-alpha-channel-opacity\"\/>\n\n\n\n<p>Despr\u00e9s has de posar la teva data de naixement, dia, mes, any i el teu sexe (pots posar altres sexes o no posar res). Si crees un compte per a un menor posa m\u00e9s coses que fer, DNI, tutors etc&#8230;<\/p>\n\n\n\n<figure class=\"wp-block-image size-large\"><img decoding=\"async\" width=\"1024\" height=\"397\" src=\"https:\/\/jperez.inscastellbisbal.net\/wp-content\/uploads\/2025\/09\/image-14-1024x397.png\" alt=\"\" class=\"wp-image-307\" srcset=\"https:\/\/jperez.inscastellbisbal.net\/wp-content\/uploads\/2025\/09\/image-14-1024x397.png 1024w, https:\/\/jperez.inscastellbisbal.net\/wp-content\/uploads\/2025\/09\/image-14-300x116.png 300w, https:\/\/jperez.inscastellbisbal.net\/wp-content\/uploads\/2025\/09\/image-14-768x298.png 768w, https:\/\/jperez.inscastellbisbal.net\/wp-content\/uploads\/2025\/09\/image-14.png 1040w\" sizes=\"(max-width: 1024px) 100vw, 1024px\" \/><\/figure>\n\n\n\n<hr class=\"wp-block-separator has-alpha-channel-opacity\"\/>\n\n\n\n<p>Pots posar un Gmail per defecte o posar-te el teu, el que m\u00e9s serveixes \u00e9s posar el teu nom al compte Gmail, per\u00f2 si vols m\u00e9s seguretat en posa una del que surten aleat\u00f2riament.<\/p>\n\n\n\n<figure class=\"wp-block-image size-large\"><img decoding=\"async\" width=\"1024\" height=\"403\" src=\"https:\/\/jperez.inscastellbisbal.net\/wp-content\/uploads\/2025\/09\/image-15-1024x403.png\" alt=\"\" class=\"wp-image-312\" srcset=\"https:\/\/jperez.inscastellbisbal.net\/wp-content\/uploads\/2025\/09\/image-15-1024x403.png 1024w, https:\/\/jperez.inscastellbisbal.net\/wp-content\/uploads\/2025\/09\/image-15-300x118.png 300w, https:\/\/jperez.inscastellbisbal.net\/wp-content\/uploads\/2025\/09\/image-15-768x302.png 768w, https:\/\/jperez.inscastellbisbal.net\/wp-content\/uploads\/2025\/09\/image-15.png 1040w\" sizes=\"(max-width: 1024px) 100vw, 1024px\" \/><\/figure>\n\n\n\n<hr class=\"wp-block-separator has-alpha-channel-opacity\"\/>\n\n\n\n<p>Despr\u00e9s crea la teva contrasenya, recorda sempre posar maj\u00fascula, min\u00fascula, n\u00fameros i s\u00edmbols. Exemple: Aa8. (clarament posa la contrasenya m\u00e9s llarga)<\/p>\n\n\n\n<figure class=\"wp-block-image size-large\"><img loading=\"lazy\" decoding=\"async\" width=\"1024\" height=\"413\" src=\"https:\/\/jperez.inscastellbisbal.net\/wp-content\/uploads\/2025\/09\/image-16-1024x413.png\" alt=\"\" class=\"wp-image-315\" srcset=\"https:\/\/jperez.inscastellbisbal.net\/wp-content\/uploads\/2025\/09\/image-16-1024x413.png 1024w, https:\/\/jperez.inscastellbisbal.net\/wp-content\/uploads\/2025\/09\/image-16-300x121.png 300w, https:\/\/jperez.inscastellbisbal.net\/wp-content\/uploads\/2025\/09\/image-16-768x309.png 768w, https:\/\/jperez.inscastellbisbal.net\/wp-content\/uploads\/2025\/09\/image-16.png 1040w\" sizes=\"(max-width: 1024px) 100vw, 1024px\" \/><\/figure>\n\n\n\n<hr class=\"wp-block-separator has-alpha-channel-opacity\"\/>\n\n\n\n<p>Despr\u00e9s surt aquest missatge a Gmail, ja estaria tot el compte creat.<\/p>\n\n\n\n<figure class=\"wp-block-image size-full\"><img loading=\"lazy\" decoding=\"async\" width=\"520\" height=\"266\" src=\"https:\/\/jperez.inscastellbisbal.net\/wp-content\/uploads\/2025\/09\/image-17.png\" alt=\"\" class=\"wp-image-317\" srcset=\"https:\/\/jperez.inscastellbisbal.net\/wp-content\/uploads\/2025\/09\/image-17.png 520w, https:\/\/jperez.inscastellbisbal.net\/wp-content\/uploads\/2025\/09\/image-17-300x153.png 300w\" sizes=\"(max-width: 520px) 100vw, 520px\" \/><\/figure>\n\n\n\n<hr class=\"wp-block-separator has-alpha-channel-opacity\"\/>\n\n\n\n<p>Aqu\u00ed estaria ja la conta creada.<\/p>\n\n\n\n<figure class=\"wp-block-image size-full is-resized\"><img loading=\"lazy\" decoding=\"async\" width=\"617\" height=\"202\" src=\"https:\/\/jperez.inscastellbisbal.net\/wp-content\/uploads\/2025\/10\/image-9.png\" alt=\"\" class=\"wp-image-787\" style=\"width:505px;height:auto\" srcset=\"https:\/\/jperez.inscastellbisbal.net\/wp-content\/uploads\/2025\/10\/image-9.png 617w, https:\/\/jperez.inscastellbisbal.net\/wp-content\/uploads\/2025\/10\/image-9-300x98.png 300w\" sizes=\"(max-width: 617px) 100vw, 617px\" \/><\/figure>\n","protected":false},"excerpt":{"rendered":"<p>Per a crear un compte de Gmail primer mana a posar el teu nom i cognoms (opcional). Despr\u00e9s has de posar la teva data de naixement, dia, mes, any i el teu sexe (pots posar altres sexes o no posar res). Si crees un compte per a un menor posa [&hellip;]<\/p>\n","protected":false},"author":1,"featured_media":0,"parent":0,"menu_order":0,"comment_status":"closed","ping_status":"closed","template":"","meta":{"footnotes":""},"class_list":["post-301","page","type-page","status-publish","hentry"],"_links":{"self":[{"href":"https:\/\/jperez.inscastellbisbal.net\/index.php\/wp-json\/wp\/v2\/pages\/301","targetHints":{"allow":["GET"]}}],"collection":[{"href":"https:\/\/jperez.inscastellbisbal.net\/index.php\/wp-json\/wp\/v2\/pages"}],"about":[{"href":"https:\/\/jperez.inscastellbisbal.net\/index.php\/wp-json\/wp\/v2\/types\/page"}],"author":[{"embeddable":true,"href":"https:\/\/jperez.inscastellbisbal.net\/index.php\/wp-json\/wp\/v2\/users\/1"}],"replies":[{"embeddable":true,"href":"https:\/\/jperez.inscastellbisbal.net\/index.php\/wp-json\/wp\/v2\/comments?post=301"}],"version-history":[{"count":10,"href":"https:\/\/jperez.inscastellbisbal.net\/index.php\/wp-json\/wp\/v2\/pages\/301\/revisions"}],"predecessor-version":[{"id":789,"href":"https:\/\/jperez.inscastellbisbal.net\/index.php\/wp-json\/wp\/v2\/pages\/301\/revisions\/789"}],"wp:attachment":[{"href":"https:\/\/jperez.inscastellbisbal.net\/index.php\/wp-json\/wp\/v2\/media?parent=301"}],"curies":[{"name":"wp","href":"https:\/\/api.w.org\/{rel}","templated":true}]}}