{"id":1884,"date":"2026-05-11T07:38:52","date_gmt":"2026-05-11T07:38:52","guid":{"rendered":"https:\/\/jperez.inscastellbisbal.net\/?page_id=1884"},"modified":"2026-05-11T08:28:25","modified_gmt":"2026-05-11T08:28:25","slug":"5%ef%b8%8f%e2%83%a3-revisio-de-xarxa","status":"publish","type":"page","link":"https:\/\/jperez.inscastellbisbal.net\/index.php\/5%ef%b8%8f%e2%83%a3-revisio-de-xarxa\/","title":{"rendered":"5\ufe0f\u20e3 &#8211; Revisi\u00f3 de xarxa"},"content":{"rendered":"\n<div class=\"wp-block-buttons is-layout-flex wp-block-buttons-is-layout-flex\">\n<div class=\"wp-block-button\"><a class=\"wp-block-button__link wp-element-button\">\ud83d\udd34 &#8211; Protocol de verificaci\u00f3 de xarxa: capa f\u00edsica<\/a><\/div>\n\n\n\n<div class=\"wp-block-button\"><a class=\"wp-block-button__link wp-element-button\">\ud83d\udd34 &#8211; Protocol de verificaci\u00f3 de xarxa: capa l\u00f2gica<\/a><\/div>\n\n\n\n<div class=\"wp-block-button\"><a class=\"wp-block-button__link wp-element-button\">\ud83d\udd34 &#8211; Protocol d&#8217;auditoria d&#8217;alimentaci\u00f3 el\u00e8ctrica<\/a><\/div>\n\n\n\n<div class=\"wp-block-button\"><a class=\"wp-block-button__link wp-element-button\">\ud83d\udd34 &#8211; Cas d&#8217;\u00fas<\/a><\/div>\n\n\n\n<div class=\"wp-block-button\"><a class=\"wp-block-button__link wp-element-button\">\ud83d\udfe0 &#8211; Cat\u00e0leg d&#8217;incid\u00e8ncies t\u00edpiques i com resoldre-les<\/a><\/div>\n\n\n\n<div class=\"wp-block-button\"><a class=\"wp-block-button__link wp-element-button\">\ud83d\udfe2 &#8211; Automatitzaci\u00f3<\/a><\/div>\n<\/div>\n","protected":false},"excerpt":{"rendered":"","protected":false},"author":1,"featured_media":0,"parent":0,"menu_order":0,"comment_status":"closed","ping_status":"closed","template":"","meta":{"footnotes":""},"class_list":["post-1884","page","type-page","status-publish","hentry"],"_links":{"self":[{"href":"https:\/\/jperez.inscastellbisbal.net\/index.php\/wp-json\/wp\/v2\/pages\/1884","targetHints":{"allow":["GET"]}}],"collection":[{"href":"https:\/\/jperez.inscastellbisbal.net\/index.php\/wp-json\/wp\/v2\/pages"}],"about":[{"href":"https:\/\/jperez.inscastellbisbal.net\/index.php\/wp-json\/wp\/v2\/types\/page"}],"author":[{"embeddable":true,"href":"https:\/\/jperez.inscastellbisbal.net\/index.php\/wp-json\/wp\/v2\/users\/1"}],"replies":[{"embeddable":true,"href":"https:\/\/jperez.inscastellbisbal.net\/index.php\/wp-json\/wp\/v2\/comments?post=1884"}],"version-history":[{"count":2,"href":"https:\/\/jperez.inscastellbisbal.net\/index.php\/wp-json\/wp\/v2\/pages\/1884\/revisions"}],"predecessor-version":[{"id":1896,"href":"https:\/\/jperez.inscastellbisbal.net\/index.php\/wp-json\/wp\/v2\/pages\/1884\/revisions\/1896"}],"wp:attachment":[{"href":"https:\/\/jperez.inscastellbisbal.net\/index.php\/wp-json\/wp\/v2\/media?parent=1884"}],"curies":[{"name":"wp","href":"https:\/\/api.w.org\/{rel}","templated":true}]}}