{"id":1766,"date":"2026-03-23T07:07:25","date_gmt":"2026-03-23T07:07:25","guid":{"rendered":"https:\/\/jperez.inscastellbisbal.net\/?page_id=1766"},"modified":"2026-03-23T07:22:35","modified_gmt":"2026-03-23T07:22:35","slug":"revisar-lortografia-de-tot-el-lloc-web","status":"publish","type":"page","link":"https:\/\/jperez.inscastellbisbal.net\/index.php\/revisar-lortografia-de-tot-el-lloc-web\/","title":{"rendered":"Revisar l\u2019ortografia de tot el lloc web"},"content":{"rendered":"\n<p>La meva WEB t\u00e9 l&#8217;extensi\u00f3 de Firefox de corrector de faltes d&#8217;ortografia.<\/p>\n\n\n\n<figure class=\"wp-block-image size-full is-resized\"><img decoding=\"async\" width=\"333\" height=\"49\" src=\"https:\/\/jperez.inscastellbisbal.net\/wp-content\/uploads\/2026\/03\/image-30.png\" alt=\"\" class=\"wp-image-1770\" style=\"width:407px;height:auto\" srcset=\"https:\/\/jperez.inscastellbisbal.net\/wp-content\/uploads\/2026\/03\/image-30.png 333w, https:\/\/jperez.inscastellbisbal.net\/wp-content\/uploads\/2026\/03\/image-30-300x44.png 300w\" sizes=\"(max-width: 333px) 100vw, 333px\" \/><\/figure>\n\n\n\n<hr class=\"wp-block-separator has-alpha-channel-opacity\"\/>\n\n\n\n<p>Si escrius mal es posa una l\u00ednia vermella baix de la paraula.<\/p>\n\n\n\n<figure class=\"wp-block-image size-full is-resized\"><img decoding=\"async\" width=\"71\" height=\"37\" src=\"https:\/\/jperez.inscastellbisbal.net\/wp-content\/uploads\/2026\/03\/image-31.png\" alt=\"\" class=\"wp-image-1771\" style=\"width:70px;height:auto\"\/><\/figure>\n\n\n\n<hr class=\"wp-block-separator has-alpha-channel-opacity\"\/>\n\n\n\n<p>Si la paraula \u00e9s similar o si has de posar un accent.<\/p>\n\n\n\n<figure class=\"wp-block-image size-full\"><img decoding=\"async\" width=\"68\" height=\"37\" src=\"https:\/\/jperez.inscastellbisbal.net\/wp-content\/uploads\/2026\/03\/image-32.png\" alt=\"\" class=\"wp-image-1774\"\/><\/figure>\n\n\n\n<figure class=\"wp-block-image size-full\"><img loading=\"lazy\" decoding=\"async\" width=\"30\" height=\"31\" src=\"https:\/\/jperez.inscastellbisbal.net\/wp-content\/uploads\/2026\/03\/image-33.png\" alt=\"\" class=\"wp-image-1775\"\/><\/figure>\n\n\n\n<p><\/p>\n","protected":false},"excerpt":{"rendered":"<p>La meva WEB t\u00e9 l&#8217;extensi\u00f3 de Firefox de corrector de faltes d&#8217;ortografia. Si escrius mal es posa una l\u00ednia vermella baix de la paraula. Si la paraula \u00e9s similar o si has de posar un accent.<\/p>\n","protected":false},"author":1,"featured_media":0,"parent":0,"menu_order":0,"comment_status":"closed","ping_status":"closed","template":"","meta":{"footnotes":""},"class_list":["post-1766","page","type-page","status-publish","hentry"],"_links":{"self":[{"href":"https:\/\/jperez.inscastellbisbal.net\/index.php\/wp-json\/wp\/v2\/pages\/1766","targetHints":{"allow":["GET"]}}],"collection":[{"href":"https:\/\/jperez.inscastellbisbal.net\/index.php\/wp-json\/wp\/v2\/pages"}],"about":[{"href":"https:\/\/jperez.inscastellbisbal.net\/index.php\/wp-json\/wp\/v2\/types\/page"}],"author":[{"embeddable":true,"href":"https:\/\/jperez.inscastellbisbal.net\/index.php\/wp-json\/wp\/v2\/users\/1"}],"replies":[{"embeddable":true,"href":"https:\/\/jperez.inscastellbisbal.net\/index.php\/wp-json\/wp\/v2\/comments?post=1766"}],"version-history":[{"count":3,"href":"https:\/\/jperez.inscastellbisbal.net\/index.php\/wp-json\/wp\/v2\/pages\/1766\/revisions"}],"predecessor-version":[{"id":1776,"href":"https:\/\/jperez.inscastellbisbal.net\/index.php\/wp-json\/wp\/v2\/pages\/1766\/revisions\/1776"}],"wp:attachment":[{"href":"https:\/\/jperez.inscastellbisbal.net\/index.php\/wp-json\/wp\/v2\/media?parent=1766"}],"curies":[{"name":"wp","href":"https:\/\/api.w.org\/{rel}","templated":true}]}}