{"id":1752,"date":"2026-03-16T07:40:18","date_gmt":"2026-03-16T07:40:18","guid":{"rendered":"https:\/\/jperez.inscastellbisbal.net\/?page_id=1752"},"modified":"2026-04-21T07:49:12","modified_gmt":"2026-04-21T07:49:12","slug":"incrustar-el-tour-en-el-vostre-wordpress","status":"publish","type":"page","link":"https:\/\/jperez.inscastellbisbal.net\/index.php\/incrustar-el-tour-en-el-vostre-wordpress\/","title":{"rendered":"Incrustar el tour en el vostre wordpress."},"content":{"rendered":"\n<p><strong>El Tour Virtual es pot entrar per aquest lloc en el meu WordPress:<\/strong><\/p>\n\n\n\n<p>Aqu\u00ed est\u00e1 el bot\u00f3n para el Tour Virtual.<\/p>\n\n\n\n<div class=\"wp-block-buttons is-layout-flex wp-block-buttons-is-layout-flex\">\n<div class=\"wp-block-button\"><a class=\"wp-block-button__link wp-element-button\" href=\"https:\/\/orbix360.com\/t\/YUHxtI0AorUtlWdMHejnlFpkkxG3\/4792494116044800\/tourv-smx#\">Tour Virtual SMX<\/a><\/div>\n<\/div>\n\n\n\n<hr class=\"wp-block-separator has-alpha-channel-opacity\"\/>\n\n\n\n<p>En la tasca de crear un Tour Virtual.<\/p>\n\n\n\n<figure class=\"wp-block-image size-full\"><img fetchpriority=\"high\" decoding=\"async\" width=\"926\" height=\"595\" src=\"https:\/\/jperez.inscastellbisbal.net\/wp-content\/uploads\/2026\/03\/image-28.png\" alt=\"\" class=\"wp-image-1756\" srcset=\"https:\/\/jperez.inscastellbisbal.net\/wp-content\/uploads\/2026\/03\/image-28.png 926w, https:\/\/jperez.inscastellbisbal.net\/wp-content\/uploads\/2026\/03\/image-28-300x193.png 300w, https:\/\/jperez.inscastellbisbal.net\/wp-content\/uploads\/2026\/03\/image-28-768x493.png 768w\" sizes=\"(max-width: 926px) 100vw, 926px\" \/><\/figure>\n\n\n\n<hr class=\"wp-block-separator has-alpha-channel-opacity\"\/>\n\n\n\n<p>En el principi de la WEB.<\/p>\n\n\n\n<figure class=\"wp-block-image size-full\"><img decoding=\"async\" width=\"925\" height=\"424\" src=\"https:\/\/jperez.inscastellbisbal.net\/wp-content\/uploads\/2026\/03\/image-29.png\" alt=\"\" class=\"wp-image-1759\" srcset=\"https:\/\/jperez.inscastellbisbal.net\/wp-content\/uploads\/2026\/03\/image-29.png 925w, https:\/\/jperez.inscastellbisbal.net\/wp-content\/uploads\/2026\/03\/image-29-300x138.png 300w, https:\/\/jperez.inscastellbisbal.net\/wp-content\/uploads\/2026\/03\/image-29-768x352.png 768w\" sizes=\"(max-width: 925px) 100vw, 925px\" \/><\/figure>\n","protected":false},"excerpt":{"rendered":"<p>El Tour Virtual es pot entrar per aquest lloc en el meu WordPress: Aqu\u00ed est\u00e1 el bot\u00f3n para el Tour Virtual. En la tasca de crear un Tour Virtual. En el principi de la WEB.<\/p>\n","protected":false},"author":1,"featured_media":0,"parent":0,"menu_order":0,"comment_status":"closed","ping_status":"closed","template":"","meta":{"footnotes":""},"class_list":["post-1752","page","type-page","status-publish","hentry"],"_links":{"self":[{"href":"https:\/\/jperez.inscastellbisbal.net\/index.php\/wp-json\/wp\/v2\/pages\/1752","targetHints":{"allow":["GET"]}}],"collection":[{"href":"https:\/\/jperez.inscastellbisbal.net\/index.php\/wp-json\/wp\/v2\/pages"}],"about":[{"href":"https:\/\/jperez.inscastellbisbal.net\/index.php\/wp-json\/wp\/v2\/types\/page"}],"author":[{"embeddable":true,"href":"https:\/\/jperez.inscastellbisbal.net\/index.php\/wp-json\/wp\/v2\/users\/1"}],"replies":[{"embeddable":true,"href":"https:\/\/jperez.inscastellbisbal.net\/index.php\/wp-json\/wp\/v2\/comments?post=1752"}],"version-history":[{"count":5,"href":"https:\/\/jperez.inscastellbisbal.net\/index.php\/wp-json\/wp\/v2\/pages\/1752\/revisions"}],"predecessor-version":[{"id":1823,"href":"https:\/\/jperez.inscastellbisbal.net\/index.php\/wp-json\/wp\/v2\/pages\/1752\/revisions\/1823"}],"wp:attachment":[{"href":"https:\/\/jperez.inscastellbisbal.net\/index.php\/wp-json\/wp\/v2\/media?parent=1752"}],"curies":[{"name":"wp","href":"https:\/\/api.w.org\/{rel}","templated":true}]}}