{"id":1739,"date":"2026-03-16T07:22:24","date_gmt":"2026-03-16T07:22:24","guid":{"rendered":"https:\/\/jperez.inscastellbisbal.net\/?page_id=1739"},"modified":"2026-03-25T10:35:10","modified_gmt":"2026-03-25T10:35:10","slug":"fer-les-fotografies-panoramiques-per-fer-un-tour-virtual-3d-de-les-instal%c2%b7lacions-de-cicles","status":"publish","type":"page","link":"https:\/\/jperez.inscastellbisbal.net\/index.php\/fer-les-fotografies-panoramiques-per-fer-un-tour-virtual-3d-de-les-instal%c2%b7lacions-de-cicles\/","title":{"rendered":"Fer les fotografies panor\u00e0miques per fer un tour virtual 3D de les instal\u00b7lacions de cicles."},"content":{"rendered":"\n<p><strong>Aquestes s\u00f3n les imatges que hem fet servir:<\/strong><\/p>\n\n\n\n<p>Entrada de las clases SMX.<\/p>\n\n\n\n<figure class=\"wp-block-image size-large\"><img fetchpriority=\"high\" decoding=\"async\" width=\"1024\" height=\"502\" src=\"https:\/\/jperez.inscastellbisbal.net\/wp-content\/uploads\/2026\/03\/Screenshot-2026-03-13-at-11-52-02-Orbix360-Tour1-1-1024x502.png\" alt=\"\" class=\"wp-image-1743\" srcset=\"https:\/\/jperez.inscastellbisbal.net\/wp-content\/uploads\/2026\/03\/Screenshot-2026-03-13-at-11-52-02-Orbix360-Tour1-1-1024x502.png 1024w, https:\/\/jperez.inscastellbisbal.net\/wp-content\/uploads\/2026\/03\/Screenshot-2026-03-13-at-11-52-02-Orbix360-Tour1-1-300x147.png 300w, https:\/\/jperez.inscastellbisbal.net\/wp-content\/uploads\/2026\/03\/Screenshot-2026-03-13-at-11-52-02-Orbix360-Tour1-1-768x377.png 768w, https:\/\/jperez.inscastellbisbal.net\/wp-content\/uploads\/2026\/03\/Screenshot-2026-03-13-at-11-52-02-Orbix360-Tour1-1-1536x754.png 1536w, https:\/\/jperez.inscastellbisbal.net\/wp-content\/uploads\/2026\/03\/Screenshot-2026-03-13-at-11-52-02-Orbix360-Tour1-1.png 1920w\" sizes=\"(max-width: 1024px) 100vw, 1024px\" \/><\/figure>\n\n\n\n<hr class=\"wp-block-separator has-alpha-channel-opacity is-style-dots\"\/>\n\n\n\n<p>Clase de SMX 2.<\/p>\n\n\n\n<figure class=\"wp-block-image size-large\"><img decoding=\"async\" width=\"1024\" height=\"502\" src=\"https:\/\/jperez.inscastellbisbal.net\/wp-content\/uploads\/2026\/03\/Screenshot-2026-03-13-at-11-53-52-Orbix360-Tour1-1-1024x502.png\" alt=\"\" class=\"wp-image-1744\" srcset=\"https:\/\/jperez.inscastellbisbal.net\/wp-content\/uploads\/2026\/03\/Screenshot-2026-03-13-at-11-53-52-Orbix360-Tour1-1-1024x502.png 1024w, https:\/\/jperez.inscastellbisbal.net\/wp-content\/uploads\/2026\/03\/Screenshot-2026-03-13-at-11-53-52-Orbix360-Tour1-1-300x147.png 300w, https:\/\/jperez.inscastellbisbal.net\/wp-content\/uploads\/2026\/03\/Screenshot-2026-03-13-at-11-53-52-Orbix360-Tour1-1-768x377.png 768w, https:\/\/jperez.inscastellbisbal.net\/wp-content\/uploads\/2026\/03\/Screenshot-2026-03-13-at-11-53-52-Orbix360-Tour1-1-1536x754.png 1536w, https:\/\/jperez.inscastellbisbal.net\/wp-content\/uploads\/2026\/03\/Screenshot-2026-03-13-at-11-53-52-Orbix360-Tour1-1.png 1920w\" sizes=\"(max-width: 1024px) 100vw, 1024px\" \/><\/figure>\n\n\n\n<p><\/p>\n\n\n\n<figure class=\"wp-block-image size-large\"><img decoding=\"async\" width=\"1024\" height=\"502\" src=\"https:\/\/jperez.inscastellbisbal.net\/wp-content\/uploads\/2026\/03\/Screenshot-2026-03-13-at-11-55-04-Orbix360-Tour1-1-1024x502.png\" alt=\"\" class=\"wp-image-1745\" srcset=\"https:\/\/jperez.inscastellbisbal.net\/wp-content\/uploads\/2026\/03\/Screenshot-2026-03-13-at-11-55-04-Orbix360-Tour1-1-1024x502.png 1024w, https:\/\/jperez.inscastellbisbal.net\/wp-content\/uploads\/2026\/03\/Screenshot-2026-03-13-at-11-55-04-Orbix360-Tour1-1-300x147.png 300w, https:\/\/jperez.inscastellbisbal.net\/wp-content\/uploads\/2026\/03\/Screenshot-2026-03-13-at-11-55-04-Orbix360-Tour1-1-768x377.png 768w, https:\/\/jperez.inscastellbisbal.net\/wp-content\/uploads\/2026\/03\/Screenshot-2026-03-13-at-11-55-04-Orbix360-Tour1-1-1536x754.png 1536w, https:\/\/jperez.inscastellbisbal.net\/wp-content\/uploads\/2026\/03\/Screenshot-2026-03-13-at-11-55-04-Orbix360-Tour1-1.png 1920w\" sizes=\"(max-width: 1024px) 100vw, 1024px\" \/><\/figure>\n\n\n\n<hr class=\"wp-block-separator has-alpha-channel-opacity is-style-dots\"\/>\n\n\n\n<p> Classe de SMX 1.<\/p>\n\n\n\n<figure class=\"wp-block-image size-large\"><img loading=\"lazy\" decoding=\"async\" width=\"1024\" height=\"502\" src=\"https:\/\/jperez.inscastellbisbal.net\/wp-content\/uploads\/2026\/03\/Screenshot-2026-03-13-at-11-56-22-Orbix360-Tour1-1-1024x502.png\" alt=\"\" class=\"wp-image-1746\" srcset=\"https:\/\/jperez.inscastellbisbal.net\/wp-content\/uploads\/2026\/03\/Screenshot-2026-03-13-at-11-56-22-Orbix360-Tour1-1-1024x502.png 1024w, https:\/\/jperez.inscastellbisbal.net\/wp-content\/uploads\/2026\/03\/Screenshot-2026-03-13-at-11-56-22-Orbix360-Tour1-1-300x147.png 300w, https:\/\/jperez.inscastellbisbal.net\/wp-content\/uploads\/2026\/03\/Screenshot-2026-03-13-at-11-56-22-Orbix360-Tour1-1-768x377.png 768w, https:\/\/jperez.inscastellbisbal.net\/wp-content\/uploads\/2026\/03\/Screenshot-2026-03-13-at-11-56-22-Orbix360-Tour1-1-1536x754.png 1536w, https:\/\/jperez.inscastellbisbal.net\/wp-content\/uploads\/2026\/03\/Screenshot-2026-03-13-at-11-56-22-Orbix360-Tour1-1.png 1920w\" sizes=\"(max-width: 1024px) 100vw, 1024px\" \/><\/figure>\n\n\n\n<p><\/p>\n\n\n\n<figure class=\"wp-block-image size-large\"><img loading=\"lazy\" decoding=\"async\" width=\"1024\" height=\"502\" src=\"https:\/\/jperez.inscastellbisbal.net\/wp-content\/uploads\/2026\/03\/Screenshot-2026-03-13-at-11-58-51-Orbix360-Tour1-1-1024x502.png\" alt=\"\" class=\"wp-image-1747\" srcset=\"https:\/\/jperez.inscastellbisbal.net\/wp-content\/uploads\/2026\/03\/Screenshot-2026-03-13-at-11-58-51-Orbix360-Tour1-1-1024x502.png 1024w, https:\/\/jperez.inscastellbisbal.net\/wp-content\/uploads\/2026\/03\/Screenshot-2026-03-13-at-11-58-51-Orbix360-Tour1-1-300x147.png 300w, https:\/\/jperez.inscastellbisbal.net\/wp-content\/uploads\/2026\/03\/Screenshot-2026-03-13-at-11-58-51-Orbix360-Tour1-1-768x377.png 768w, https:\/\/jperez.inscastellbisbal.net\/wp-content\/uploads\/2026\/03\/Screenshot-2026-03-13-at-11-58-51-Orbix360-Tour1-1-1536x754.png 1536w, https:\/\/jperez.inscastellbisbal.net\/wp-content\/uploads\/2026\/03\/Screenshot-2026-03-13-at-11-58-51-Orbix360-Tour1-1.png 1920w\" sizes=\"(max-width: 1024px) 100vw, 1024px\" \/><\/figure>\n\n\n\n<hr class=\"wp-block-separator has-alpha-channel-opacity is-style-dots\"\/>\n\n\n\n<p>Aquesta \u00e9s l&#8217;APP que utilitza per prendre les fotos amb la c\u00e0mera 360 per fer el Tour Virtual.<\/p>\n\n\n\n<figure class=\"wp-block-image size-full is-resized\"><img loading=\"lazy\" decoding=\"async\" width=\"735\" height=\"814\" src=\"https:\/\/jperez.inscastellbisbal.net\/wp-content\/uploads\/2026\/03\/image-36.png\" alt=\"\" class=\"wp-image-1802\" style=\"width:686px;height:auto\" srcset=\"https:\/\/jperez.inscastellbisbal.net\/wp-content\/uploads\/2026\/03\/image-36.png 735w, https:\/\/jperez.inscastellbisbal.net\/wp-content\/uploads\/2026\/03\/image-36-271x300.png 271w\" sizes=\"(max-width: 735px) 100vw, 735px\" \/><\/figure>\n\n\n\n<p>Aquesta \u00e9s la c\u00e0mera amb la qual hem fet servir per fer el Tour, el model \u00e9s un Insta360 X4, 8K 360 Action Cam.<\/p>\n\n\n\n<figure class=\"wp-block-image size-full is-resized\"><img loading=\"lazy\" decoding=\"async\" width=\"459\" height=\"814\" src=\"https:\/\/jperez.inscastellbisbal.net\/wp-content\/uploads\/2026\/03\/image-37.png\" alt=\"\" class=\"wp-image-1806\" style=\"width:338px;height:auto\" srcset=\"https:\/\/jperez.inscastellbisbal.net\/wp-content\/uploads\/2026\/03\/image-37.png 459w, https:\/\/jperez.inscastellbisbal.net\/wp-content\/uploads\/2026\/03\/image-37-169x300.png 169w\" sizes=\"(max-width: 459px) 100vw, 459px\" \/><\/figure>\n","protected":false},"excerpt":{"rendered":"<p>Aquestes s\u00f3n les imatges que hem fet servir: Entrada de las clases SMX. Clase de SMX 2. Classe de SMX 1. Aquesta \u00e9s l&#8217;APP que utilitza per prendre les fotos amb la c\u00e0mera 360 per fer el Tour Virtual. Aquesta \u00e9s la c\u00e0mera amb la qual hem fet servir per [&hellip;]<\/p>\n","protected":false},"author":1,"featured_media":0,"parent":0,"menu_order":0,"comment_status":"closed","ping_status":"closed","template":"","meta":{"footnotes":""},"class_list":["post-1739","page","type-page","status-publish","hentry"],"_links":{"self":[{"href":"https:\/\/jperez.inscastellbisbal.net\/index.php\/wp-json\/wp\/v2\/pages\/1739","targetHints":{"allow":["GET"]}}],"collection":[{"href":"https:\/\/jperez.inscastellbisbal.net\/index.php\/wp-json\/wp\/v2\/pages"}],"about":[{"href":"https:\/\/jperez.inscastellbisbal.net\/index.php\/wp-json\/wp\/v2\/types\/page"}],"author":[{"embeddable":true,"href":"https:\/\/jperez.inscastellbisbal.net\/index.php\/wp-json\/wp\/v2\/users\/1"}],"replies":[{"embeddable":true,"href":"https:\/\/jperez.inscastellbisbal.net\/index.php\/wp-json\/wp\/v2\/comments?post=1739"}],"version-history":[{"count":7,"href":"https:\/\/jperez.inscastellbisbal.net\/index.php\/wp-json\/wp\/v2\/pages\/1739\/revisions"}],"predecessor-version":[{"id":1808,"href":"https:\/\/jperez.inscastellbisbal.net\/index.php\/wp-json\/wp\/v2\/pages\/1739\/revisions\/1808"}],"wp:attachment":[{"href":"https:\/\/jperez.inscastellbisbal.net\/index.php\/wp-json\/wp\/v2\/media?parent=1739"}],"curies":[{"name":"wp","href":"https:\/\/api.w.org\/{rel}","templated":true}]}}