{"id":1726,"date":"2026-03-13T10:47:14","date_gmt":"2026-03-13T10:47:14","guid":{"rendered":"https:\/\/jperez.inscastellbisbal.net\/?page_id=1726"},"modified":"2026-04-21T07:47:58","modified_gmt":"2026-04-21T07:47:58","slug":"crear-el-tour-virtual-amb-les-imatges-preses","status":"publish","type":"page","link":"https:\/\/jperez.inscastellbisbal.net\/index.php\/crear-el-tour-virtual-amb-les-imatges-preses\/","title":{"rendered":"Crear el tour virtual amb les imatges preses."},"content":{"rendered":"\n<div class=\"wp-block-buttons is-layout-flex wp-block-buttons-is-layout-flex\">\n<div class=\"wp-block-button\"><a class=\"wp-block-button__link wp-element-button\" href=\"https:\/\/orbix360.com\/t\/YUHxtI0AorUtlWdMHejnlFpkkxG3\/4792494116044800\/tourv-smx#\">Tour Virtual 360<\/a><\/div>\n<\/div>\n\n\n\n<p>Aqu\u00ed est\u00e1 el meu TourVirtual.<\/p>\n\n\n\n<figure class=\"wp-block-image size-large\"><img fetchpriority=\"high\" decoding=\"async\" width=\"1024\" height=\"613\" src=\"https:\/\/jperez.inscastellbisbal.net\/wp-content\/uploads\/2026\/03\/image-27-1024x613.png\" alt=\"\" class=\"wp-image-1730\" srcset=\"https:\/\/jperez.inscastellbisbal.net\/wp-content\/uploads\/2026\/03\/image-27-1024x613.png 1024w, https:\/\/jperez.inscastellbisbal.net\/wp-content\/uploads\/2026\/03\/image-27-300x179.png 300w, https:\/\/jperez.inscastellbisbal.net\/wp-content\/uploads\/2026\/03\/image-27-768x459.png 768w, https:\/\/jperez.inscastellbisbal.net\/wp-content\/uploads\/2026\/03\/image-27.png 1518w\" sizes=\"(max-width: 1024px) 100vw, 1024px\" \/><\/figure>\n\n\n\n<p><em>Aqui posu una imatgue de com es veo, els botons blaus son per passar a la seg\u00fcent zona.<\/em><\/p>\n\n\n\n<p>Entrada a les clases SMX 1 i 2.<\/p>\n\n\n\n<figure class=\"wp-block-image size-large\"><img decoding=\"async\" width=\"1024\" height=\"502\" src=\"https:\/\/jperez.inscastellbisbal.net\/wp-content\/uploads\/2026\/03\/Screenshot-2026-03-13-at-11-52-02-Orbix360-Tour1-1024x502.png\" alt=\"\" class=\"wp-image-1731\" srcset=\"https:\/\/jperez.inscastellbisbal.net\/wp-content\/uploads\/2026\/03\/Screenshot-2026-03-13-at-11-52-02-Orbix360-Tour1-1024x502.png 1024w, https:\/\/jperez.inscastellbisbal.net\/wp-content\/uploads\/2026\/03\/Screenshot-2026-03-13-at-11-52-02-Orbix360-Tour1-300x147.png 300w, https:\/\/jperez.inscastellbisbal.net\/wp-content\/uploads\/2026\/03\/Screenshot-2026-03-13-at-11-52-02-Orbix360-Tour1-768x377.png 768w, https:\/\/jperez.inscastellbisbal.net\/wp-content\/uploads\/2026\/03\/Screenshot-2026-03-13-at-11-52-02-Orbix360-Tour1-1536x754.png 1536w, https:\/\/jperez.inscastellbisbal.net\/wp-content\/uploads\/2026\/03\/Screenshot-2026-03-13-at-11-52-02-Orbix360-Tour1.png 1920w\" sizes=\"(max-width: 1024px) 100vw, 1024px\" \/><\/figure>\n\n\n\n<p>Clase SMX 2.<\/p>\n\n\n\n<figure class=\"wp-block-image size-large\"><img decoding=\"async\" width=\"1024\" height=\"502\" src=\"https:\/\/jperez.inscastellbisbal.net\/wp-content\/uploads\/2026\/03\/Screenshot-2026-03-13-at-11-53-52-Orbix360-Tour1-1024x502.png\" alt=\"\" class=\"wp-image-1733\" srcset=\"https:\/\/jperez.inscastellbisbal.net\/wp-content\/uploads\/2026\/03\/Screenshot-2026-03-13-at-11-53-52-Orbix360-Tour1-1024x502.png 1024w, https:\/\/jperez.inscastellbisbal.net\/wp-content\/uploads\/2026\/03\/Screenshot-2026-03-13-at-11-53-52-Orbix360-Tour1-300x147.png 300w, https:\/\/jperez.inscastellbisbal.net\/wp-content\/uploads\/2026\/03\/Screenshot-2026-03-13-at-11-53-52-Orbix360-Tour1-768x377.png 768w, https:\/\/jperez.inscastellbisbal.net\/wp-content\/uploads\/2026\/03\/Screenshot-2026-03-13-at-11-53-52-Orbix360-Tour1-1536x754.png 1536w, https:\/\/jperez.inscastellbisbal.net\/wp-content\/uploads\/2026\/03\/Screenshot-2026-03-13-at-11-53-52-Orbix360-Tour1.png 1920w\" sizes=\"(max-width: 1024px) 100vw, 1024px\" \/><\/figure>\n\n\n\n<p><\/p>\n\n\n\n<figure class=\"wp-block-image size-large\"><img loading=\"lazy\" decoding=\"async\" width=\"1024\" height=\"502\" src=\"https:\/\/jperez.inscastellbisbal.net\/wp-content\/uploads\/2026\/03\/Screenshot-2026-03-13-at-11-55-04-Orbix360-Tour1-1024x502.png\" alt=\"\" class=\"wp-image-1735\" srcset=\"https:\/\/jperez.inscastellbisbal.net\/wp-content\/uploads\/2026\/03\/Screenshot-2026-03-13-at-11-55-04-Orbix360-Tour1-1024x502.png 1024w, https:\/\/jperez.inscastellbisbal.net\/wp-content\/uploads\/2026\/03\/Screenshot-2026-03-13-at-11-55-04-Orbix360-Tour1-300x147.png 300w, https:\/\/jperez.inscastellbisbal.net\/wp-content\/uploads\/2026\/03\/Screenshot-2026-03-13-at-11-55-04-Orbix360-Tour1-768x377.png 768w, https:\/\/jperez.inscastellbisbal.net\/wp-content\/uploads\/2026\/03\/Screenshot-2026-03-13-at-11-55-04-Orbix360-Tour1-1536x754.png 1536w, https:\/\/jperez.inscastellbisbal.net\/wp-content\/uploads\/2026\/03\/Screenshot-2026-03-13-at-11-55-04-Orbix360-Tour1.png 1920w\" sizes=\"(max-width: 1024px) 100vw, 1024px\" \/><\/figure>\n\n\n\n<p>Passad\u00eds clase SMX 1.<\/p>\n\n\n\n<figure class=\"wp-block-image size-large\"><img loading=\"lazy\" decoding=\"async\" width=\"1024\" height=\"502\" src=\"https:\/\/jperez.inscastellbisbal.net\/wp-content\/uploads\/2026\/03\/Screenshot-2026-03-13-at-11-56-22-Orbix360-Tour1-1024x502.png\" alt=\"\" class=\"wp-image-1736\" srcset=\"https:\/\/jperez.inscastellbisbal.net\/wp-content\/uploads\/2026\/03\/Screenshot-2026-03-13-at-11-56-22-Orbix360-Tour1-1024x502.png 1024w, https:\/\/jperez.inscastellbisbal.net\/wp-content\/uploads\/2026\/03\/Screenshot-2026-03-13-at-11-56-22-Orbix360-Tour1-300x147.png 300w, https:\/\/jperez.inscastellbisbal.net\/wp-content\/uploads\/2026\/03\/Screenshot-2026-03-13-at-11-56-22-Orbix360-Tour1-768x377.png 768w, https:\/\/jperez.inscastellbisbal.net\/wp-content\/uploads\/2026\/03\/Screenshot-2026-03-13-at-11-56-22-Orbix360-Tour1-1536x754.png 1536w, https:\/\/jperez.inscastellbisbal.net\/wp-content\/uploads\/2026\/03\/Screenshot-2026-03-13-at-11-56-22-Orbix360-Tour1.png 1920w\" sizes=\"(max-width: 1024px) 100vw, 1024px\" \/><\/figure>\n\n\n\n<p><\/p>\n\n\n\n<figure class=\"wp-block-image size-large\"><img loading=\"lazy\" decoding=\"async\" width=\"1024\" height=\"502\" src=\"https:\/\/jperez.inscastellbisbal.net\/wp-content\/uploads\/2026\/03\/Screenshot-2026-03-13-at-11-58-51-Orbix360-Tour1-1024x502.png\" alt=\"\" class=\"wp-image-1737\" srcset=\"https:\/\/jperez.inscastellbisbal.net\/wp-content\/uploads\/2026\/03\/Screenshot-2026-03-13-at-11-58-51-Orbix360-Tour1-1024x502.png 1024w, https:\/\/jperez.inscastellbisbal.net\/wp-content\/uploads\/2026\/03\/Screenshot-2026-03-13-at-11-58-51-Orbix360-Tour1-300x147.png 300w, https:\/\/jperez.inscastellbisbal.net\/wp-content\/uploads\/2026\/03\/Screenshot-2026-03-13-at-11-58-51-Orbix360-Tour1-768x377.png 768w, https:\/\/jperez.inscastellbisbal.net\/wp-content\/uploads\/2026\/03\/Screenshot-2026-03-13-at-11-58-51-Orbix360-Tour1-1536x754.png 1536w, https:\/\/jperez.inscastellbisbal.net\/wp-content\/uploads\/2026\/03\/Screenshot-2026-03-13-at-11-58-51-Orbix360-Tour1.png 1920w\" sizes=\"(max-width: 1024px) 100vw, 1024px\" \/><\/figure>\n\n\n\n<p><\/p>\n","protected":false},"excerpt":{"rendered":"<p>Aqu\u00ed est\u00e1 el meu TourVirtual. Aqui posu una imatgue de com es veo, els botons blaus son per passar a la seg\u00fcent zona. Entrada a les clases SMX 1 i 2. Clase SMX 2. Passad\u00eds clase SMX 1.<\/p>\n","protected":false},"author":1,"featured_media":0,"parent":0,"menu_order":0,"comment_status":"closed","ping_status":"closed","template":"","meta":{"footnotes":""},"class_list":["post-1726","page","type-page","status-publish","hentry"],"_links":{"self":[{"href":"https:\/\/jperez.inscastellbisbal.net\/index.php\/wp-json\/wp\/v2\/pages\/1726","targetHints":{"allow":["GET"]}}],"collection":[{"href":"https:\/\/jperez.inscastellbisbal.net\/index.php\/wp-json\/wp\/v2\/pages"}],"about":[{"href":"https:\/\/jperez.inscastellbisbal.net\/index.php\/wp-json\/wp\/v2\/types\/page"}],"author":[{"embeddable":true,"href":"https:\/\/jperez.inscastellbisbal.net\/index.php\/wp-json\/wp\/v2\/users\/1"}],"replies":[{"embeddable":true,"href":"https:\/\/jperez.inscastellbisbal.net\/index.php\/wp-json\/wp\/v2\/comments?post=1726"}],"version-history":[{"count":5,"href":"https:\/\/jperez.inscastellbisbal.net\/index.php\/wp-json\/wp\/v2\/pages\/1726\/revisions"}],"predecessor-version":[{"id":1822,"href":"https:\/\/jperez.inscastellbisbal.net\/index.php\/wp-json\/wp\/v2\/pages\/1726\/revisions\/1822"}],"wp:attachment":[{"href":"https:\/\/jperez.inscastellbisbal.net\/index.php\/wp-json\/wp\/v2\/media?parent=1726"}],"curies":[{"name":"wp","href":"https:\/\/api.w.org\/{rel}","templated":true}]}}