{"id":1699,"date":"2026-03-13T08:16:17","date_gmt":"2026-03-13T08:16:17","guid":{"rendered":"https:\/\/jperez.inscastellbisbal.net\/?page_id=1699"},"modified":"2026-03-23T08:05:05","modified_gmt":"2026-03-23T08:05:05","slug":"fer-comparativa-de-diverses-aplicacions-gratuites-i-online-per-fer-tours-virtuals-3d","status":"publish","type":"page","link":"https:\/\/jperez.inscastellbisbal.net\/index.php\/fer-comparativa-de-diverses-aplicacions-gratuites-i-online-per-fer-tours-virtuals-3d\/","title":{"rendered":"Fer comparativa de diverses aplicacions gratu\u00eftes i online per fer tours virtuals 3D."},"content":{"rendered":"\n<p><strong>Posar\u00e9 3 Exemples per posar les difer\u00e8ncies entre ells.<\/strong><\/p>\n\n\n\n<p>My360: <a href=\"https:\/\/my360tours.com\/es\/\">https:\/\/my360tours.com\/es\/<\/a><\/p>\n\n\n\n<figure class=\"wp-block-image size-full\"><img decoding=\"async\" width=\"192\" height=\"94\" src=\"https:\/\/jperez.inscastellbisbal.net\/wp-content\/uploads\/2026\/03\/image-24.png\" alt=\"\" class=\"wp-image-1703\"\/><\/figure>\n\n\n\n<p>Amb aquesta WEB pots crear el teu 360 que pots usar per fer-lo en l&#8217;empresa, joc tur\u00edstics, la teva casa i molts mes llocs.<\/p>\n\n\n\n<hr class=\"wp-block-separator has-alpha-channel-opacity is-style-wide\"\/>\n\n\n\n<p>Tourvirtual360: <a href=\"https:\/\/tourvirtual360.es\/\">https:\/\/tourvirtual360.es\/<\/a><\/p>\n\n\n\n<figure class=\"wp-block-image size-full\"><img decoding=\"async\" width=\"371\" height=\"100\" src=\"https:\/\/jperez.inscastellbisbal.net\/wp-content\/uploads\/2026\/03\/image-25.png\" alt=\"\" class=\"wp-image-1706\" srcset=\"https:\/\/jperez.inscastellbisbal.net\/wp-content\/uploads\/2026\/03\/image-25.png 371w, https:\/\/jperez.inscastellbisbal.net\/wp-content\/uploads\/2026\/03\/image-25-300x81.png 300w\" sizes=\"(max-width: 371px) 100vw, 371px\" \/><\/figure>\n\n\n\n<p>Aquesta WEB \u00e9s per si busques llocs en 360, hi ha llocs per anar de vacances, a menjar, a dormir (hotels, c\u00e0mpings etc&#8230;)<\/p>\n\n\n\n<hr class=\"wp-block-separator has-alpha-channel-opacity is-style-wide\"\/>\n\n\n\n<p>3dVirtualTours: <a href=\"https:\/\/www.3dvirtualtours.es\/en\/\">https:\/\/www.3dvirtualtours.es\/en\/<\/a><\/p>\n\n\n\n<figure class=\"wp-block-image size-full is-resized\"><img decoding=\"async\" width=\"117\" height=\"90\" src=\"https:\/\/jperez.inscastellbisbal.net\/wp-content\/uploads\/2026\/03\/image-26.png\" alt=\"\" class=\"wp-image-1709\" style=\"width:182px;height:auto\"\/><\/figure>\n\n\n\n<p>Aquesta WEB \u00e9s per veure dins dels llocs i com est\u00e0 decorat o si vols veure que hi ha dins de la tenda o empresa, dins de la WEB tens alguns exemples.<\/p>\n\n\n\n<hr class=\"wp-block-separator has-alpha-channel-opacity is-style-wide\"\/>\n\n\n\n<p>Museivaticani: <\/p>\n\n\n\n<div class=\"wp-block-columns is-layout-flex wp-container-core-columns-is-layout-28f84493 wp-block-columns-is-layout-flex\">\n<div class=\"wp-block-column is-layout-flow wp-block-column-is-layout-flow\" style=\"flex-basis:100%\">\n<details class=\"wp-block-details is-layout-flow wp-block-details-is-layout-flow\"><summary>Clica aqu\u00ed.<\/summary>\n<div class=\"wp-block-buttons is-layout-flex wp-block-buttons-is-layout-flex\">\n<div class=\"wp-block-button\"><a class=\"wp-block-button__link wp-element-button\" href=\"https:\/\/www.museivaticani.va\/content\/museivaticani\/es\/collezioni\/musei\/tour-virtuali-elenco.html\">Museivaticani.com<\/a><\/div>\n<\/div>\n<\/details>\n<\/div>\n<\/div>\n\n\n\n<figure class=\"wp-block-image size-full\"><img loading=\"lazy\" decoding=\"async\" width=\"179\" height=\"264\" src=\"https:\/\/jperez.inscastellbisbal.net\/wp-content\/uploads\/2026\/03\/image-34.png\" alt=\"\" class=\"wp-image-1777\"\/><\/figure>\n\n\n\n<p>Aquesta WEB \u00e9s per veure museus en 360, pots comprar entrades als museus i veure art, agricultura, etc.<\/p>\n\n\n\n<hr class=\"wp-block-separator has-alpha-channel-opacity is-style-wide\"\/>\n\n\n\n<p>Sagrada Fam\u00edlia:<\/p>\n\n\n\n<details class=\"wp-block-details is-layout-flow wp-block-details-is-layout-flow\"><summary>Clica aqu\u00ed.<\/summary>\n<div class=\"wp-block-buttons is-layout-flex wp-block-buttons-is-layout-flex\">\n<div class=\"wp-block-button\"><a class=\"wp-block-button__link wp-element-button\" href=\"https:\/\/sagradafamilia.org\/es\/visita-virtual\">Sagrada Familia Tour<\/a><\/div>\n<\/div>\n<\/details>\n\n\n\n<figure class=\"wp-block-image size-full\"><img loading=\"lazy\" decoding=\"async\" width=\"150\" height=\"76\" src=\"https:\/\/jperez.inscastellbisbal.net\/wp-content\/uploads\/2026\/03\/image-35.png\" alt=\"\" class=\"wp-image-1783\"\/><\/figure>\n\n\n\n<p>Aquesta \u00e9s m\u00e9s b\u00e0sica, nom\u00e9s per veure la Sagrada Fam\u00edlia, pots comprar entrades, veure la hist\u00f2ria i mes.<\/p>\n\n\n\n<hr class=\"wp-block-separator has-alpha-channel-opacity is-style-wide\"\/>\n\n\n\n<p class=\"has-text-align-center\"><strong>Cual utilitzar?<\/strong><\/p>\n\n\n\n<p>My360: Si vols crear els teus llocs a 360 graus \u00e9s el millor dels 5, per\u00f2 despr\u00e9s has de pagar.<\/p>\n\n\n\n<p>Tourvirtual360: Si vols veure llocs per anar a visitar o de vacances aquesta WEB \u00e9s la millor dels 5.<\/p>\n\n\n\n<p>3dVirtualTours: Si vols veure dins d&#8217;alguns llocs aquesta \u00e9s la que \u00e9s millor dels 5.<\/p>\n\n\n\n<p>Museivaticani: Si vols anar a museus aquesta \u00e9s la millor per veure art i agricultura dels 5.<\/p>\n\n\n\n<p>Sagrada Fam\u00edlia: Si vols veure o comprar entrades per anar en persona, si t&#8217;agrada l&#8217;art d&#8217;Antoni Gaud\u00ed t&#8217;agradar\u00e0 aquesta WEB.<\/p>\n\n\n\n<p><\/p>\n","protected":false},"excerpt":{"rendered":"<p>Posar\u00e9 3 Exemples per posar les difer\u00e8ncies entre ells. My360: https:\/\/my360tours.com\/es\/ Amb aquesta WEB pots crear el teu 360 que pots usar per fer-lo en l&#8217;empresa, joc tur\u00edstics, la teva casa i molts mes llocs. Tourvirtual360: https:\/\/tourvirtual360.es\/ Aquesta WEB \u00e9s per si busques llocs en 360, hi ha llocs per [&hellip;]<\/p>\n","protected":false},"author":1,"featured_media":0,"parent":0,"menu_order":0,"comment_status":"closed","ping_status":"closed","template":"","meta":{"footnotes":""},"class_list":["post-1699","page","type-page","status-publish","hentry"],"_links":{"self":[{"href":"https:\/\/jperez.inscastellbisbal.net\/index.php\/wp-json\/wp\/v2\/pages\/1699","targetHints":{"allow":["GET"]}}],"collection":[{"href":"https:\/\/jperez.inscastellbisbal.net\/index.php\/wp-json\/wp\/v2\/pages"}],"about":[{"href":"https:\/\/jperez.inscastellbisbal.net\/index.php\/wp-json\/wp\/v2\/types\/page"}],"author":[{"embeddable":true,"href":"https:\/\/jperez.inscastellbisbal.net\/index.php\/wp-json\/wp\/v2\/users\/1"}],"replies":[{"embeddable":true,"href":"https:\/\/jperez.inscastellbisbal.net\/index.php\/wp-json\/wp\/v2\/comments?post=1699"}],"version-history":[{"count":12,"href":"https:\/\/jperez.inscastellbisbal.net\/index.php\/wp-json\/wp\/v2\/pages\/1699\/revisions"}],"predecessor-version":[{"id":1788,"href":"https:\/\/jperez.inscastellbisbal.net\/index.php\/wp-json\/wp\/v2\/pages\/1699\/revisions\/1788"}],"wp:attachment":[{"href":"https:\/\/jperez.inscastellbisbal.net\/index.php\/wp-json\/wp\/v2\/media?parent=1699"}],"curies":[{"name":"wp","href":"https:\/\/api.w.org\/{rel}","templated":true}]}}