{"id":1653,"date":"2026-03-10T07:45:54","date_gmt":"2026-03-10T07:45:54","guid":{"rendered":"https:\/\/jperez.inscastellbisbal.net\/?page_id=1653"},"modified":"2026-03-10T08:19:55","modified_gmt":"2026-03-10T08:19:55","slug":"activacio-de-plugins-per-millorar-lexperiencia-dusuari","status":"publish","type":"page","link":"https:\/\/jperez.inscastellbisbal.net\/index.php\/activacio-de-plugins-per-millorar-lexperiencia-dusuari\/","title":{"rendered":"Activaci\u00f3 de plugins per millorar l\u2019experi\u00e8ncia d\u2019usuari"},"content":{"rendered":"\n<p>Per posar-lo has d&#8217;anar a plugins i buscar el que t&#8217;agradi, despr\u00e9s de la instal\u00b7laci\u00f3 despr\u00e9s sortir\u00e0 aix\u00f2 <\/p>\n\n\n\n<figure class=\"wp-block-image size-large\"><img fetchpriority=\"high\" decoding=\"async\" width=\"1024\" height=\"555\" src=\"https:\/\/jperez.inscastellbisbal.net\/wp-content\/uploads\/2026\/03\/image-3-1024x555.png\" alt=\"\" class=\"wp-image-1657\" srcset=\"https:\/\/jperez.inscastellbisbal.net\/wp-content\/uploads\/2026\/03\/image-3-1024x555.png 1024w, https:\/\/jperez.inscastellbisbal.net\/wp-content\/uploads\/2026\/03\/image-3-300x162.png 300w, https:\/\/jperez.inscastellbisbal.net\/wp-content\/uploads\/2026\/03\/image-3-768x416.png 768w, https:\/\/jperez.inscastellbisbal.net\/wp-content\/uploads\/2026\/03\/image-3-1536x832.png 1536w, https:\/\/jperez.inscastellbisbal.net\/wp-content\/uploads\/2026\/03\/image-3.png 1706w\" sizes=\"(max-width: 1024px) 100vw, 1024px\" \/><\/figure>\n\n\n\n<p><strong>Posar\u00e9 uns plugins que he posat para que veas:<\/strong><\/p>\n\n\n\n<p>Aquest \u00e9s per als idiomes, tradueix la p\u00e0gina.<\/p>\n\n\n\n<figure class=\"wp-block-image size-full is-resized\"><img decoding=\"async\" width=\"371\" height=\"220\" src=\"https:\/\/jperez.inscastellbisbal.net\/wp-content\/uploads\/2026\/03\/image-4.png\" alt=\"\" class=\"wp-image-1660\" style=\"aspect-ratio:1.68631883331857;width:405px;height:auto\" srcset=\"https:\/\/jperez.inscastellbisbal.net\/wp-content\/uploads\/2026\/03\/image-4.png 371w, https:\/\/jperez.inscastellbisbal.net\/wp-content\/uploads\/2026\/03\/image-4-300x178.png 300w\" sizes=\"(max-width: 371px) 100vw, 371px\" \/><\/figure>\n\n\n\n<p>Aquest \u00e9s per posar el modo fosc i cla.<\/p>\n\n\n\n<figure class=\"wp-block-image size-full\"><img decoding=\"async\" width=\"60\" height=\"60\" src=\"https:\/\/jperez.inscastellbisbal.net\/wp-content\/uploads\/2026\/03\/image-5.png\" alt=\"\" class=\"wp-image-1661\"\/><\/figure>\n\n\n\n<figure class=\"wp-block-image size-full\"><img loading=\"lazy\" decoding=\"async\" width=\"60\" height=\"60\" src=\"https:\/\/jperez.inscastellbisbal.net\/wp-content\/uploads\/2026\/03\/image-6.png\" alt=\"\" class=\"wp-image-1662\"\/><\/figure>\n\n\n\n<p><\/p>\n","protected":false},"excerpt":{"rendered":"<p>Per posar-lo has d&#8217;anar a plugins i buscar el que t&#8217;agradi, despr\u00e9s de la instal\u00b7laci\u00f3 despr\u00e9s sortir\u00e0 aix\u00f2 Posar\u00e9 uns plugins que he posat para que veas: Aquest \u00e9s per als idiomes, tradueix la p\u00e0gina. Aquest \u00e9s per posar el modo fosc i cla.<\/p>\n","protected":false},"author":1,"featured_media":0,"parent":0,"menu_order":0,"comment_status":"closed","ping_status":"closed","template":"","meta":{"footnotes":""},"class_list":["post-1653","page","type-page","status-publish","hentry"],"_links":{"self":[{"href":"https:\/\/jperez.inscastellbisbal.net\/index.php\/wp-json\/wp\/v2\/pages\/1653","targetHints":{"allow":["GET"]}}],"collection":[{"href":"https:\/\/jperez.inscastellbisbal.net\/index.php\/wp-json\/wp\/v2\/pages"}],"about":[{"href":"https:\/\/jperez.inscastellbisbal.net\/index.php\/wp-json\/wp\/v2\/types\/page"}],"author":[{"embeddable":true,"href":"https:\/\/jperez.inscastellbisbal.net\/index.php\/wp-json\/wp\/v2\/users\/1"}],"replies":[{"embeddable":true,"href":"https:\/\/jperez.inscastellbisbal.net\/index.php\/wp-json\/wp\/v2\/comments?post=1653"}],"version-history":[{"count":4,"href":"https:\/\/jperez.inscastellbisbal.net\/index.php\/wp-json\/wp\/v2\/pages\/1653\/revisions"}],"predecessor-version":[{"id":1664,"href":"https:\/\/jperez.inscastellbisbal.net\/index.php\/wp-json\/wp\/v2\/pages\/1653\/revisions\/1664"}],"wp:attachment":[{"href":"https:\/\/jperez.inscastellbisbal.net\/index.php\/wp-json\/wp\/v2\/media?parent=1653"}],"curies":[{"name":"wp","href":"https:\/\/api.w.org\/{rel}","templated":true}]}}