{"id":1643,"date":"2026-03-10T07:26:20","date_gmt":"2026-03-10T07:26:20","guid":{"rendered":"https:\/\/jperez.inscastellbisbal.net\/?page_id=1643"},"modified":"2026-03-10T07:43:17","modified_gmt":"2026-03-10T07:43:17","slug":"creacio-del-menu-del-lloc-web","status":"publish","type":"page","link":"https:\/\/jperez.inscastellbisbal.net\/index.php\/creacio-del-menu-del-lloc-web\/","title":{"rendered":"Creaci\u00f3 del men\u00fa del lloc web"},"content":{"rendered":"\n<p>Per posar men\u00fas tens que ir a men\u00fas i sortir\u00e0 aix\u00f2.<\/p>\n\n\n\n<figure class=\"wp-block-image size-full is-resized\"><img fetchpriority=\"high\" decoding=\"async\" width=\"279\" height=\"559\" src=\"https:\/\/jperez.inscastellbisbal.net\/wp-content\/uploads\/2026\/03\/image-1.png\" alt=\"\" class=\"wp-image-1648\" style=\"width:241px;height:auto\" srcset=\"https:\/\/jperez.inscastellbisbal.net\/wp-content\/uploads\/2026\/03\/image-1.png 279w, https:\/\/jperez.inscastellbisbal.net\/wp-content\/uploads\/2026\/03\/image-1-150x300.png 150w\" sizes=\"(max-width: 279px) 100vw, 279px\" \/><\/figure>\n\n\n\n<p>Clica els papers que vulguis i sortir\u00e0 a la dreta.<\/p>\n\n\n\n<figure class=\"wp-block-image size-full\"><img decoding=\"async\" width=\"716\" height=\"728\" src=\"https:\/\/jperez.inscastellbisbal.net\/wp-content\/uploads\/2026\/03\/image-2.png\" alt=\"\" class=\"wp-image-1649\" srcset=\"https:\/\/jperez.inscastellbisbal.net\/wp-content\/uploads\/2026\/03\/image-2.png 716w, https:\/\/jperez.inscastellbisbal.net\/wp-content\/uploads\/2026\/03\/image-2-295x300.png 295w\" sizes=\"(max-width: 716px) 100vw, 716px\" \/><\/figure>\n\n\n\n<p>Despres sortira en la p\u00e1gina principal de la teba WEB.<\/p>\n\n\n\n<figure class=\"wp-block-image size-full\"><img decoding=\"async\" width=\"787\" height=\"120\" src=\"https:\/\/jperez.inscastellbisbal.net\/wp-content\/uploads\/2026\/03\/image.png\" alt=\"\" class=\"wp-image-1646\" srcset=\"https:\/\/jperez.inscastellbisbal.net\/wp-content\/uploads\/2026\/03\/image.png 787w, https:\/\/jperez.inscastellbisbal.net\/wp-content\/uploads\/2026\/03\/image-300x46.png 300w, https:\/\/jperez.inscastellbisbal.net\/wp-content\/uploads\/2026\/03\/image-768x117.png 768w\" sizes=\"(max-width: 787px) 100vw, 787px\" \/><\/figure>\n\n\n\n<p><\/p>\n","protected":false},"excerpt":{"rendered":"<p>Per posar men\u00fas tens que ir a men\u00fas i sortir\u00e0 aix\u00f2. Clica els papers que vulguis i sortir\u00e0 a la dreta. Despres sortira en la p\u00e1gina principal de la teba WEB.<\/p>\n","protected":false},"author":1,"featured_media":0,"parent":0,"menu_order":0,"comment_status":"closed","ping_status":"closed","template":"","meta":{"footnotes":""},"class_list":["post-1643","page","type-page","status-publish","hentry"],"_links":{"self":[{"href":"https:\/\/jperez.inscastellbisbal.net\/index.php\/wp-json\/wp\/v2\/pages\/1643","targetHints":{"allow":["GET"]}}],"collection":[{"href":"https:\/\/jperez.inscastellbisbal.net\/index.php\/wp-json\/wp\/v2\/pages"}],"about":[{"href":"https:\/\/jperez.inscastellbisbal.net\/index.php\/wp-json\/wp\/v2\/types\/page"}],"author":[{"embeddable":true,"href":"https:\/\/jperez.inscastellbisbal.net\/index.php\/wp-json\/wp\/v2\/users\/1"}],"replies":[{"embeddable":true,"href":"https:\/\/jperez.inscastellbisbal.net\/index.php\/wp-json\/wp\/v2\/comments?post=1643"}],"version-history":[{"count":4,"href":"https:\/\/jperez.inscastellbisbal.net\/index.php\/wp-json\/wp\/v2\/pages\/1643\/revisions"}],"predecessor-version":[{"id":1652,"href":"https:\/\/jperez.inscastellbisbal.net\/index.php\/wp-json\/wp\/v2\/pages\/1643\/revisions\/1652"}],"wp:attachment":[{"href":"https:\/\/jperez.inscastellbisbal.net\/index.php\/wp-json\/wp\/v2\/media?parent=1643"}],"curies":[{"name":"wp","href":"https:\/\/api.w.org\/{rel}","templated":true}]}}