{"id":1560,"date":"2026-02-10T11:08:22","date_gmt":"2026-02-10T11:08:22","guid":{"rendered":"https:\/\/jperez.inscastellbisbal.net\/?page_id=1560"},"modified":"2026-03-24T12:13:27","modified_gmt":"2026-03-24T12:13:27","slug":"informe-ipop-final","status":"publish","type":"page","link":"https:\/\/jperez.inscastellbisbal.net\/index.php\/informe-ipop-final\/","title":{"rendered":"Informe iPOP final"},"content":{"rendered":"\n<p>Aquest \u00e9s el meu logo que he utilitzat per a la WEB.<\/p>\n\n\n\n<figure class=\"wp-block-image size-large\"><img fetchpriority=\"high\" decoding=\"async\" width=\"1024\" height=\"576\" src=\"https:\/\/jperez.inscastellbisbal.net\/wp-content\/uploads\/2026\/03\/image-16-1024x576.png\" alt=\"\" class=\"wp-image-1687\" srcset=\"https:\/\/jperez.inscastellbisbal.net\/wp-content\/uploads\/2026\/03\/image-16-1024x576.png 1024w, https:\/\/jperez.inscastellbisbal.net\/wp-content\/uploads\/2026\/03\/image-16-300x169.png 300w, https:\/\/jperez.inscastellbisbal.net\/wp-content\/uploads\/2026\/03\/image-16-768x432.png 768w, https:\/\/jperez.inscastellbisbal.net\/wp-content\/uploads\/2026\/03\/image-16.png 1232w\" sizes=\"(max-width: 1024px) 100vw, 1024px\" \/><\/figure>\n\n\n\n<p>Aqui posu les meves estadistiques.<\/p>\n\n\n\n<figure class=\"wp-block-image size-large\"><img decoding=\"async\" width=\"1024\" height=\"576\" src=\"https:\/\/jperez.inscastellbisbal.net\/wp-content\/uploads\/2026\/03\/image-17-1024x576.png\" alt=\"\" class=\"wp-image-1688\" srcset=\"https:\/\/jperez.inscastellbisbal.net\/wp-content\/uploads\/2026\/03\/image-17-1024x576.png 1024w, https:\/\/jperez.inscastellbisbal.net\/wp-content\/uploads\/2026\/03\/image-17-300x169.png 300w, https:\/\/jperez.inscastellbisbal.net\/wp-content\/uploads\/2026\/03\/image-17-768x432.png 768w, https:\/\/jperez.inscastellbisbal.net\/wp-content\/uploads\/2026\/03\/image-17.png 1232w\" sizes=\"(max-width: 1024px) 100vw, 1024px\" \/><\/figure>\n\n\n\n<p>Aqu\u00ed explico qui soc i les meves dades<\/p>\n\n\n\n<figure class=\"wp-block-image size-large\"><img decoding=\"async\" width=\"1024\" height=\"576\" src=\"https:\/\/jperez.inscastellbisbal.net\/wp-content\/uploads\/2026\/03\/image-18-1024x576.png\" alt=\"\" class=\"wp-image-1689\" srcset=\"https:\/\/jperez.inscastellbisbal.net\/wp-content\/uploads\/2026\/03\/image-18-1024x576.png 1024w, https:\/\/jperez.inscastellbisbal.net\/wp-content\/uploads\/2026\/03\/image-18-300x169.png 300w, https:\/\/jperez.inscastellbisbal.net\/wp-content\/uploads\/2026\/03\/image-18-768x432.png 768w, https:\/\/jperez.inscastellbisbal.net\/wp-content\/uploads\/2026\/03\/image-18.png 1232w\" sizes=\"(max-width: 1024px) 100vw, 1024px\" \/><\/figure>\n\n\n\n<p>Aqu\u00ed poso dades formatives i les capacitats.<\/p>\n\n\n\n<figure class=\"wp-block-image size-large\"><img loading=\"lazy\" decoding=\"async\" width=\"1024\" height=\"576\" src=\"https:\/\/jperez.inscastellbisbal.net\/wp-content\/uploads\/2026\/03\/image-19-1024x576.png\" alt=\"\" class=\"wp-image-1690\" srcset=\"https:\/\/jperez.inscastellbisbal.net\/wp-content\/uploads\/2026\/03\/image-19-1024x576.png 1024w, https:\/\/jperez.inscastellbisbal.net\/wp-content\/uploads\/2026\/03\/image-19-300x169.png 300w, https:\/\/jperez.inscastellbisbal.net\/wp-content\/uploads\/2026\/03\/image-19-768x432.png 768w, https:\/\/jperez.inscastellbisbal.net\/wp-content\/uploads\/2026\/03\/image-19.png 1232w\" sizes=\"(max-width: 1024px) 100vw, 1024px\" \/><\/figure>\n\n\n\n<p>Aqu\u00ed poso dades laborals i els idiomes que parlo i el nivell que tinc en cada un.<\/p>\n\n\n\n<figure class=\"wp-block-image size-large\"><img loading=\"lazy\" decoding=\"async\" width=\"1024\" height=\"576\" src=\"https:\/\/jperez.inscastellbisbal.net\/wp-content\/uploads\/2026\/03\/image-20-1024x576.png\" alt=\"\" class=\"wp-image-1691\" srcset=\"https:\/\/jperez.inscastellbisbal.net\/wp-content\/uploads\/2026\/03\/image-20-1024x576.png 1024w, https:\/\/jperez.inscastellbisbal.net\/wp-content\/uploads\/2026\/03\/image-20-300x169.png 300w, https:\/\/jperez.inscastellbisbal.net\/wp-content\/uploads\/2026\/03\/image-20-768x432.png 768w, https:\/\/jperez.inscastellbisbal.net\/wp-content\/uploads\/2026\/03\/image-20.png 1232w\" sizes=\"(max-width: 1024px) 100vw, 1024px\" \/><\/figure>\n\n\n\n<p>No tinc altres dades per incloure, els meus interessos s\u00f3n els videojocs.<\/p>\n\n\n\n<figure class=\"wp-block-image size-large\"><img loading=\"lazy\" decoding=\"async\" width=\"1024\" height=\"576\" src=\"https:\/\/jperez.inscastellbisbal.net\/wp-content\/uploads\/2026\/03\/image-21-1024x576.png\" alt=\"\" class=\"wp-image-1692\" srcset=\"https:\/\/jperez.inscastellbisbal.net\/wp-content\/uploads\/2026\/03\/image-21-1024x576.png 1024w, https:\/\/jperez.inscastellbisbal.net\/wp-content\/uploads\/2026\/03\/image-21-300x169.png 300w, https:\/\/jperez.inscastellbisbal.net\/wp-content\/uploads\/2026\/03\/image-21-768x432.png 768w, https:\/\/jperez.inscastellbisbal.net\/wp-content\/uploads\/2026\/03\/image-21.png 1232w\" sizes=\"(max-width: 1024px) 100vw, 1024px\" \/><\/figure>\n\n\n\n<p>Aqu\u00ed est\u00e1 la meva carta de motivaci\u00f3n.<\/p>\n\n\n\n<figure class=\"wp-block-image size-large\"><img loading=\"lazy\" decoding=\"async\" width=\"1024\" height=\"576\" src=\"https:\/\/jperez.inscastellbisbal.net\/wp-content\/uploads\/2026\/03\/image-22-1024x576.png\" alt=\"\" class=\"wp-image-1693\" srcset=\"https:\/\/jperez.inscastellbisbal.net\/wp-content\/uploads\/2026\/03\/image-22-1024x576.png 1024w, https:\/\/jperez.inscastellbisbal.net\/wp-content\/uploads\/2026\/03\/image-22-300x169.png 300w, https:\/\/jperez.inscastellbisbal.net\/wp-content\/uploads\/2026\/03\/image-22-768x432.png 768w, https:\/\/jperez.inscastellbisbal.net\/wp-content\/uploads\/2026\/03\/image-22.png 1232w\" sizes=\"(max-width: 1024px) 100vw, 1024px\" \/><\/figure>\n\n\n\n<p>Aqu\u00ed poso el que m&#8217;agradaria fer en el futur.<\/p>\n\n\n\n<figure class=\"wp-block-image size-large\"><img loading=\"lazy\" decoding=\"async\" width=\"1024\" height=\"576\" src=\"https:\/\/jperez.inscastellbisbal.net\/wp-content\/uploads\/2026\/03\/image-23-1024x576.png\" alt=\"\" class=\"wp-image-1694\" srcset=\"https:\/\/jperez.inscastellbisbal.net\/wp-content\/uploads\/2026\/03\/image-23-1024x576.png 1024w, https:\/\/jperez.inscastellbisbal.net\/wp-content\/uploads\/2026\/03\/image-23-300x169.png 300w, https:\/\/jperez.inscastellbisbal.net\/wp-content\/uploads\/2026\/03\/image-23-768x432.png 768w, https:\/\/jperez.inscastellbisbal.net\/wp-content\/uploads\/2026\/03\/image-23.png 1232w\" sizes=\"(max-width: 1024px) 100vw, 1024px\" \/><\/figure>\n\n\n\n<p><\/p>\n","protected":false},"excerpt":{"rendered":"<p>Aquest \u00e9s el meu logo que he utilitzat per a la WEB. Aqui posu les meves estadistiques. Aqu\u00ed explico qui soc i les meves dades Aqu\u00ed poso dades formatives i les capacitats. Aqu\u00ed poso dades laborals i els idiomes que parlo i el nivell que tinc en cada un. No [&hellip;]<\/p>\n","protected":false},"author":1,"featured_media":0,"parent":0,"menu_order":0,"comment_status":"closed","ping_status":"closed","template":"","meta":{"footnotes":""},"class_list":["post-1560","page","type-page","status-publish","hentry"],"_links":{"self":[{"href":"https:\/\/jperez.inscastellbisbal.net\/index.php\/wp-json\/wp\/v2\/pages\/1560","targetHints":{"allow":["GET"]}}],"collection":[{"href":"https:\/\/jperez.inscastellbisbal.net\/index.php\/wp-json\/wp\/v2\/pages"}],"about":[{"href":"https:\/\/jperez.inscastellbisbal.net\/index.php\/wp-json\/wp\/v2\/types\/page"}],"author":[{"embeddable":true,"href":"https:\/\/jperez.inscastellbisbal.net\/index.php\/wp-json\/wp\/v2\/users\/1"}],"replies":[{"embeddable":true,"href":"https:\/\/jperez.inscastellbisbal.net\/index.php\/wp-json\/wp\/v2\/comments?post=1560"}],"version-history":[{"count":6,"href":"https:\/\/jperez.inscastellbisbal.net\/index.php\/wp-json\/wp\/v2\/pages\/1560\/revisions"}],"predecessor-version":[{"id":1801,"href":"https:\/\/jperez.inscastellbisbal.net\/index.php\/wp-json\/wp\/v2\/pages\/1560\/revisions\/1801"}],"wp:attachment":[{"href":"https:\/\/jperez.inscastellbisbal.net\/index.php\/wp-json\/wp\/v2\/media?parent=1560"}],"curies":[{"name":"wp","href":"https:\/\/api.w.org\/{rel}","templated":true}]}}