{"id":1513,"date":"2026-02-09T12:08:59","date_gmt":"2026-02-09T12:08:59","guid":{"rendered":"https:\/\/jperez.inscastellbisbal.net\/?page_id=1513"},"modified":"2026-03-23T07:08:21","modified_gmt":"2026-03-23T07:08:21","slug":"7%ef%b8%8f%e2%83%a3-%f0%9f%92%bc-adaptacio-portafolis","status":"publish","type":"page","link":"https:\/\/jperez.inscastellbisbal.net\/index.php\/7%ef%b8%8f%e2%83%a3-%f0%9f%92%bc-adaptacio-portafolis\/","title":{"rendered":"7\ufe0f\u20e3 &#8211; \ud83d\udcbc\u200b &#8211; Adaptaci\u00f3 Portafolis"},"content":{"rendered":"\n<div class=\"wp-block-buttons is-layout-flex wp-block-buttons-is-layout-flex\">\n<div class=\"wp-block-button\"><a class=\"wp-block-button__link wp-element-button\" href=\"https:\/\/jperez.inscastellbisbal.net\/index.php\/assegurar-el-disseny-responsive-per-a-tots-els-dispositius\/\">Assegurar el disseny responsive per a tots els dispositius<\/a><\/div>\n\n\n\n<div class=\"wp-block-button\"><a class=\"wp-block-button__link wp-element-button\" href=\"https:\/\/jperez.inscastellbisbal.net\/index.php\/creacio-del-menu-del-lloc-web\/\">Creaci\u00f3 del men\u00fa del lloc web<\/a><\/div>\n\n\n\n<div class=\"wp-block-button\"><a class=\"wp-block-button__link wp-element-button\" href=\"https:\/\/jperez.inscastellbisbal.net\/index.php\/activacio-de-plugins-per-millorar-lexperiencia-dusuari\/\">Activaci\u00f3 de plugins per millorar l\u2019experi\u00e8ncia d\u2019usuari<\/a><\/div>\n\n\n\n<div class=\"wp-block-button\"><a class=\"wp-block-button__link wp-element-button\" href=\"https:\/\/jperez.inscastellbisbal.net\/index.php\/revisar-lortografia-de-tot-el-lloc-web\/\">Revisar l\u2019ortografia de tot el lloc web<\/a><\/div>\n\n\n\n<div class=\"wp-block-button\"><a class=\"wp-block-button__link wp-element-button\">Creaci\u00f3 d\u2019enlla\u00e7os entre p\u00e0gines que tinguin relaci\u00f3 dins del lloc web<\/a><\/div>\n\n\n\n<div class=\"wp-block-button\"><a class=\"wp-block-button__link wp-element-button\">Configurar els enlla\u00e7os externs per a que s\u2019obrin en una finestra nova<\/a><\/div>\n\n\n\n<div class=\"wp-block-button\"><a class=\"wp-block-button__link wp-element-button\">Categoritzar totes les entrades per Repte<\/a><\/div>\n\n\n\n<div class=\"wp-block-button\"><a class=\"wp-block-button__link wp-element-button\">Categoritzar totes les entrades per M\u00f2dul<\/a><\/div>\n\n\n\n<div class=\"wp-block-button\"><a class=\"wp-block-button__link wp-element-button\">Crear una p\u00e0gina amb tots els m\u00f2duls de 1r curs i fer un enlla\u00e7 a les categories dels m\u00f2duls<\/a><\/div>\n<\/div>\n","protected":false},"excerpt":{"rendered":"","protected":false},"author":1,"featured_media":0,"parent":0,"menu_order":0,"comment_status":"closed","ping_status":"closed","template":"","meta":{"footnotes":""},"class_list":["post-1513","page","type-page","status-publish","hentry"],"_links":{"self":[{"href":"https:\/\/jperez.inscastellbisbal.net\/index.php\/wp-json\/wp\/v2\/pages\/1513","targetHints":{"allow":["GET"]}}],"collection":[{"href":"https:\/\/jperez.inscastellbisbal.net\/index.php\/wp-json\/wp\/v2\/pages"}],"about":[{"href":"https:\/\/jperez.inscastellbisbal.net\/index.php\/wp-json\/wp\/v2\/types\/page"}],"author":[{"embeddable":true,"href":"https:\/\/jperez.inscastellbisbal.net\/index.php\/wp-json\/wp\/v2\/users\/1"}],"replies":[{"embeddable":true,"href":"https:\/\/jperez.inscastellbisbal.net\/index.php\/wp-json\/wp\/v2\/comments?post=1513"}],"version-history":[{"count":6,"href":"https:\/\/jperez.inscastellbisbal.net\/index.php\/wp-json\/wp\/v2\/pages\/1513\/revisions"}],"predecessor-version":[{"id":1768,"href":"https:\/\/jperez.inscastellbisbal.net\/index.php\/wp-json\/wp\/v2\/pages\/1513\/revisions\/1768"}],"wp:attachment":[{"href":"https:\/\/jperez.inscastellbisbal.net\/index.php\/wp-json\/wp\/v2\/media?parent=1513"}],"curies":[{"name":"wp","href":"https:\/\/api.w.org\/{rel}","templated":true}]}}