{"id":1444,"date":"2026-02-02T13:21:51","date_gmt":"2026-02-02T13:21:51","guid":{"rendered":"https:\/\/jperez.inscastellbisbal.net\/?page_id=1444"},"modified":"2026-02-03T07:44:01","modified_gmt":"2026-02-03T07:44:01","slug":"dissenyar-el-logo-de-la-lan-party-per-fer-adhesius-pels-assistents","status":"publish","type":"page","link":"https:\/\/jperez.inscastellbisbal.net\/index.php\/dissenyar-el-logo-de-la-lan-party-per-fer-adhesius-pels-assistents\/","title":{"rendered":"Dissenyar el logo de la LAN Party, per fer adhesius pels assistents"},"content":{"rendered":"\n<p>Per fer el Logo de la LAN Party ho he fet a Canva, he posat un control de color lila i groc com els colors del Castellbisbal LAN PARTY, tamb\u00e9 perqu\u00e8 ser\u00e0 un lloc de videojocs he posat una m\u00e0 agafant un control.<\/p>\n\n\n\n<figure class=\"wp-block-image size-full is-resized\"><img fetchpriority=\"high\" decoding=\"async\" width=\"558\" height=\"337\" src=\"https:\/\/jperez.inscastellbisbal.net\/wp-content\/uploads\/2026\/02\/image-6.png\" alt=\"\" class=\"wp-image-1455\" style=\"width:640px;height:auto\" srcset=\"https:\/\/jperez.inscastellbisbal.net\/wp-content\/uploads\/2026\/02\/image-6.png 558w, https:\/\/jperez.inscastellbisbal.net\/wp-content\/uploads\/2026\/02\/image-6-300x181.png 300w\" sizes=\"(max-width: 558px) 100vw, 558px\" \/><\/figure>\n\n\n\n<p><\/p>\n","protected":false},"excerpt":{"rendered":"<p>Per fer el Logo de la LAN Party ho he fet a Canva, he posat un control de color lila i groc com els colors del Castellbisbal LAN PARTY, tamb\u00e9 perqu\u00e8 ser\u00e0 un lloc de videojocs he posat una m\u00e0 agafant un control.<\/p>\n","protected":false},"author":1,"featured_media":0,"parent":0,"menu_order":0,"comment_status":"closed","ping_status":"closed","template":"","meta":{"footnotes":""},"class_list":["post-1444","page","type-page","status-publish","hentry"],"_links":{"self":[{"href":"https:\/\/jperez.inscastellbisbal.net\/index.php\/wp-json\/wp\/v2\/pages\/1444","targetHints":{"allow":["GET"]}}],"collection":[{"href":"https:\/\/jperez.inscastellbisbal.net\/index.php\/wp-json\/wp\/v2\/pages"}],"about":[{"href":"https:\/\/jperez.inscastellbisbal.net\/index.php\/wp-json\/wp\/v2\/types\/page"}],"author":[{"embeddable":true,"href":"https:\/\/jperez.inscastellbisbal.net\/index.php\/wp-json\/wp\/v2\/users\/1"}],"replies":[{"embeddable":true,"href":"https:\/\/jperez.inscastellbisbal.net\/index.php\/wp-json\/wp\/v2\/comments?post=1444"}],"version-history":[{"count":9,"href":"https:\/\/jperez.inscastellbisbal.net\/index.php\/wp-json\/wp\/v2\/pages\/1444\/revisions"}],"predecessor-version":[{"id":1465,"href":"https:\/\/jperez.inscastellbisbal.net\/index.php\/wp-json\/wp\/v2\/pages\/1444\/revisions\/1465"}],"wp:attachment":[{"href":"https:\/\/jperez.inscastellbisbal.net\/index.php\/wp-json\/wp\/v2\/media?parent=1444"}],"curies":[{"name":"wp","href":"https:\/\/api.w.org\/{rel}","templated":true}]}}