{"id":1393,"date":"2026-01-30T10:46:31","date_gmt":"2026-01-30T10:46:31","guid":{"rendered":"https:\/\/jperez.inscastellbisbal.net\/?page_id=1393"},"modified":"2026-02-02T08:35:50","modified_gmt":"2026-02-02T08:35:50","slug":"generar-i-retocar-imatges-per-la-cartelleria-publicitaria","status":"publish","type":"page","link":"https:\/\/jperez.inscastellbisbal.net\/index.php\/generar-i-retocar-imatges-per-la-cartelleria-publicitaria\/","title":{"rendered":"Generar i retocar imatges per la cartelleria publicit\u00e0ria"},"content":{"rendered":"\n<p>Per a la cartelleria publicit\u00e0ria jo he fet servir el Canva, he posat aquest cartell com a refer\u00e8ncia.<\/p>\n\n\n\n<figure class=\"wp-block-image size-full is-resized\"><img fetchpriority=\"high\" decoding=\"async\" width=\"410\" height=\"576\" src=\"https:\/\/jperez.inscastellbisbal.net\/wp-content\/uploads\/2026\/02\/image-1.png\" alt=\"\" class=\"wp-image-1399\" style=\"width:415px;height:auto\" srcset=\"https:\/\/jperez.inscastellbisbal.net\/wp-content\/uploads\/2026\/02\/image-1.png 410w, https:\/\/jperez.inscastellbisbal.net\/wp-content\/uploads\/2026\/02\/image-1-214x300.png 214w\" sizes=\"(max-width: 410px) 100vw, 410px\" \/><\/figure>\n\n\n\n<p>Despr\u00e9s posa qualsevol cosa, jo vaig posar Super Mario i Charmander.<\/p>\n\n\n\n<figure class=\"wp-block-image size-large is-resized\"><img decoding=\"async\" width=\"668\" height=\"1024\" src=\"https:\/\/jperez.inscastellbisbal.net\/wp-content\/uploads\/2026\/02\/Mario-668x1024.webp\" alt=\"\" class=\"wp-image-1405\" style=\"width:139px;height:auto\" srcset=\"https:\/\/jperez.inscastellbisbal.net\/wp-content\/uploads\/2026\/02\/Mario-668x1024.webp 668w, https:\/\/jperez.inscastellbisbal.net\/wp-content\/uploads\/2026\/02\/Mario-196x300.webp 196w, https:\/\/jperez.inscastellbisbal.net\/wp-content\/uploads\/2026\/02\/Mario-768x1177.webp 768w, https:\/\/jperez.inscastellbisbal.net\/wp-content\/uploads\/2026\/02\/Mario.webp 800w\" sizes=\"(max-width: 668px) 100vw, 668px\" \/><\/figure>\n\n\n\n<figure class=\"wp-block-image size-large is-resized\"><img decoding=\"async\" width=\"800\" height=\"738\" src=\"https:\/\/jperez.inscastellbisbal.net\/wp-content\/uploads\/2026\/02\/char.png\" alt=\"\" class=\"wp-image-1406\" style=\"aspect-ratio:1.0840242462364078;width:217px;height:auto\" srcset=\"https:\/\/jperez.inscastellbisbal.net\/wp-content\/uploads\/2026\/02\/char.png 800w, https:\/\/jperez.inscastellbisbal.net\/wp-content\/uploads\/2026\/02\/char-300x277.png 300w, https:\/\/jperez.inscastellbisbal.net\/wp-content\/uploads\/2026\/02\/char-768x708.png 768w\" sizes=\"(max-width: 800px) 100vw, 800px\" \/><\/figure>\n\n\n\n<p>Per posar-lo ve al cartell, despr\u00e9s on posa <strong>Carregues<\/strong>, on posa <strong>Carrega Fitxers<\/strong>, despr\u00e9s sortir\u00e0 a baix.<\/p>\n\n\n\n<figure class=\"wp-block-image size-full is-resized\"><img loading=\"lazy\" decoding=\"async\" width=\"360\" height=\"372\" src=\"https:\/\/jperez.inscastellbisbal.net\/wp-content\/uploads\/2026\/02\/image-3.png\" alt=\"\" class=\"wp-image-1411\" style=\"aspect-ratio:0.9677419538046779;width:363px;height:auto\" srcset=\"https:\/\/jperez.inscastellbisbal.net\/wp-content\/uploads\/2026\/02\/image-3.png 360w, https:\/\/jperez.inscastellbisbal.net\/wp-content\/uploads\/2026\/02\/image-3-290x300.png 290w\" sizes=\"(max-width: 360px) 100vw, 360px\" \/><\/figure>\n\n\n\n<p>Despr\u00e9s posa les imatges sota el cartell per encabir-los.<\/p>\n\n\n\n<figure class=\"wp-block-image size-full is-resized\"><img loading=\"lazy\" decoding=\"async\" width=\"409\" height=\"563\" src=\"https:\/\/jperez.inscastellbisbal.net\/wp-content\/uploads\/2026\/02\/image-2.png\" alt=\"\" class=\"wp-image-1408\" style=\"aspect-ratio:0.7264707365855894;width:419px;height:auto\" srcset=\"https:\/\/jperez.inscastellbisbal.net\/wp-content\/uploads\/2026\/02\/image-2.png 409w, https:\/\/jperez.inscastellbisbal.net\/wp-content\/uploads\/2026\/02\/image-2-218x300.png 218w\" sizes=\"(max-width: 409px) 100vw, 409px\" \/><\/figure>\n\n\n\n<p><\/p>\n","protected":false},"excerpt":{"rendered":"<p>Per a la cartelleria publicit\u00e0ria jo he fet servir el Canva, he posat aquest cartell com a refer\u00e8ncia. Despr\u00e9s posa qualsevol cosa, jo vaig posar Super Mario i Charmander. Per posar-lo ve al cartell, despr\u00e9s on posa Carregues, on posa Carrega Fitxers, despr\u00e9s sortir\u00e0 a baix. Despr\u00e9s posa les imatges [&hellip;]<\/p>\n","protected":false},"author":1,"featured_media":0,"parent":0,"menu_order":0,"comment_status":"closed","ping_status":"closed","template":"","meta":{"footnotes":""},"class_list":["post-1393","page","type-page","status-publish","hentry"],"_links":{"self":[{"href":"https:\/\/jperez.inscastellbisbal.net\/index.php\/wp-json\/wp\/v2\/pages\/1393","targetHints":{"allow":["GET"]}}],"collection":[{"href":"https:\/\/jperez.inscastellbisbal.net\/index.php\/wp-json\/wp\/v2\/pages"}],"about":[{"href":"https:\/\/jperez.inscastellbisbal.net\/index.php\/wp-json\/wp\/v2\/types\/page"}],"author":[{"embeddable":true,"href":"https:\/\/jperez.inscastellbisbal.net\/index.php\/wp-json\/wp\/v2\/users\/1"}],"replies":[{"embeddable":true,"href":"https:\/\/jperez.inscastellbisbal.net\/index.php\/wp-json\/wp\/v2\/comments?post=1393"}],"version-history":[{"count":10,"href":"https:\/\/jperez.inscastellbisbal.net\/index.php\/wp-json\/wp\/v2\/pages\/1393\/revisions"}],"predecessor-version":[{"id":1417,"href":"https:\/\/jperez.inscastellbisbal.net\/index.php\/wp-json\/wp\/v2\/pages\/1393\/revisions\/1417"}],"wp:attachment":[{"href":"https:\/\/jperez.inscastellbisbal.net\/index.php\/wp-json\/wp\/v2\/media?parent=1393"}],"curies":[{"name":"wp","href":"https:\/\/api.w.org\/{rel}","templated":true}]}}