{"id":1374,"date":"2026-01-30T09:50:02","date_gmt":"2026-01-30T09:50:02","guid":{"rendered":"https:\/\/jperez.inscastellbisbal.net\/?page_id=1374"},"modified":"2026-01-30T10:42:37","modified_gmt":"2026-01-30T10:42:37","slug":"formulari-de-registre","status":"publish","type":"page","link":"https:\/\/jperez.inscastellbisbal.net\/index.php\/formulari-de-registre\/","title":{"rendered":"Formulari de registre"},"content":{"rendered":"\n<p>Per dissenyar un q\u00fcestionari a Google Forms, el primer pas \u00e9s entrar a la plataforma i identificar-te amb el teu compte de Google. Un cop a la pantalla principal, selecciona l&#8217;opci\u00f3 de crear un formulari nou per comen\u00e7ar a configurar les teves preguntes des de zero.<\/p>\n\n\n\n<figure class=\"wp-block-image size-large\"><img fetchpriority=\"high\" decoding=\"async\" width=\"1024\" height=\"312\" src=\"https:\/\/jperez.inscastellbisbal.net\/wp-content\/uploads\/2026\/01\/image-3-1024x312.png\" alt=\"\" class=\"wp-image-1377\" srcset=\"https:\/\/jperez.inscastellbisbal.net\/wp-content\/uploads\/2026\/01\/image-3-1024x312.png 1024w, https:\/\/jperez.inscastellbisbal.net\/wp-content\/uploads\/2026\/01\/image-3-300x92.png 300w, https:\/\/jperez.inscastellbisbal.net\/wp-content\/uploads\/2026\/01\/image-3-768x234.png 768w, https:\/\/jperez.inscastellbisbal.net\/wp-content\/uploads\/2026\/01\/image-3-1536x469.png 1536w, https:\/\/jperez.inscastellbisbal.net\/wp-content\/uploads\/2026\/01\/image-3.png 1908w\" sizes=\"(max-width: 1024px) 100vw, 1024px\" \/><\/figure>\n\n\n\n<p>Personalitza cada pregunta escollint el tipus de resposta i activa el bot\u00f3 d&#8217;obligatorietat per a les consultes imprescindibles.<\/p>\n\n\n\n<figure class=\"wp-block-image size-large\"><img decoding=\"async\" width=\"1024\" height=\"241\" src=\"https:\/\/jperez.inscastellbisbal.net\/wp-content\/uploads\/2026\/01\/image-7-1024x241.png\" alt=\"\" class=\"wp-image-1389\" srcset=\"https:\/\/jperez.inscastellbisbal.net\/wp-content\/uploads\/2026\/01\/image-7-1024x241.png 1024w, https:\/\/jperez.inscastellbisbal.net\/wp-content\/uploads\/2026\/01\/image-7-300x71.png 300w, https:\/\/jperez.inscastellbisbal.net\/wp-content\/uploads\/2026\/01\/image-7-768x181.png 768w, https:\/\/jperez.inscastellbisbal.net\/wp-content\/uploads\/2026\/01\/image-7-1536x362.png 1536w, https:\/\/jperez.inscastellbisbal.net\/wp-content\/uploads\/2026\/01\/image-7.png 1920w\" sizes=\"(max-width: 1024px) 100vw, 1024px\" \/><\/figure>\n\n\n\n<p>Despr\u00e9s vas a Respostes i sortir\u00e0 un enlla\u00e7 a un Google Sheets.<\/p>\n\n\n\n<figure class=\"wp-block-image size-large\"><img decoding=\"async\" width=\"1024\" height=\"153\" src=\"https:\/\/jperez.inscastellbisbal.net\/wp-content\/uploads\/2026\/01\/image-5-1024x153.png\" alt=\"\" class=\"wp-image-1384\" srcset=\"https:\/\/jperez.inscastellbisbal.net\/wp-content\/uploads\/2026\/01\/image-5-1024x153.png 1024w, https:\/\/jperez.inscastellbisbal.net\/wp-content\/uploads\/2026\/01\/image-5-300x45.png 300w, https:\/\/jperez.inscastellbisbal.net\/wp-content\/uploads\/2026\/01\/image-5-768x115.png 768w, https:\/\/jperez.inscastellbisbal.net\/wp-content\/uploads\/2026\/01\/image-5-1536x230.png 1536w, https:\/\/jperez.inscastellbisbal.net\/wp-content\/uploads\/2026\/01\/image-5.png 1919w\" sizes=\"(max-width: 1024px) 100vw, 1024px\" \/><\/figure>\n\n\n\n<p>Dins del Google Sheets sortir\u00e0 les respostes que ha posat la gent. (ni hi ha respostes perqu\u00e8 he creat el formulari per a l&#8217;exemple)<\/p>\n\n\n\n<figure class=\"wp-block-image size-large\"><img loading=\"lazy\" decoding=\"async\" width=\"1024\" height=\"223\" src=\"https:\/\/jperez.inscastellbisbal.net\/wp-content\/uploads\/2026\/01\/image-6-1024x223.png\" alt=\"\" class=\"wp-image-1386\" srcset=\"https:\/\/jperez.inscastellbisbal.net\/wp-content\/uploads\/2026\/01\/image-6-1024x223.png 1024w, https:\/\/jperez.inscastellbisbal.net\/wp-content\/uploads\/2026\/01\/image-6-300x65.png 300w, https:\/\/jperez.inscastellbisbal.net\/wp-content\/uploads\/2026\/01\/image-6-768x167.png 768w, https:\/\/jperez.inscastellbisbal.net\/wp-content\/uploads\/2026\/01\/image-6-1536x335.png 1536w, https:\/\/jperez.inscastellbisbal.net\/wp-content\/uploads\/2026\/01\/image-6.png 1919w\" sizes=\"(max-width: 1024px) 100vw, 1024px\" \/><\/figure>\n\n\n\n<p><\/p>\n","protected":false},"excerpt":{"rendered":"<p>Per dissenyar un q\u00fcestionari a Google Forms, el primer pas \u00e9s entrar a la plataforma i identificar-te amb el teu compte de Google. Un cop a la pantalla principal, selecciona l&#8217;opci\u00f3 de crear un formulari nou per comen\u00e7ar a configurar les teves preguntes des de zero. Personalitza cada pregunta escollint [&hellip;]<\/p>\n","protected":false},"author":1,"featured_media":0,"parent":0,"menu_order":0,"comment_status":"closed","ping_status":"closed","template":"","meta":{"footnotes":""},"class_list":["post-1374","page","type-page","status-publish","hentry"],"_links":{"self":[{"href":"https:\/\/jperez.inscastellbisbal.net\/index.php\/wp-json\/wp\/v2\/pages\/1374","targetHints":{"allow":["GET"]}}],"collection":[{"href":"https:\/\/jperez.inscastellbisbal.net\/index.php\/wp-json\/wp\/v2\/pages"}],"about":[{"href":"https:\/\/jperez.inscastellbisbal.net\/index.php\/wp-json\/wp\/v2\/types\/page"}],"author":[{"embeddable":true,"href":"https:\/\/jperez.inscastellbisbal.net\/index.php\/wp-json\/wp\/v2\/users\/1"}],"replies":[{"embeddable":true,"href":"https:\/\/jperez.inscastellbisbal.net\/index.php\/wp-json\/wp\/v2\/comments?post=1374"}],"version-history":[{"count":7,"href":"https:\/\/jperez.inscastellbisbal.net\/index.php\/wp-json\/wp\/v2\/pages\/1374\/revisions"}],"predecessor-version":[{"id":1392,"href":"https:\/\/jperez.inscastellbisbal.net\/index.php\/wp-json\/wp\/v2\/pages\/1374\/revisions\/1392"}],"wp:attachment":[{"href":"https:\/\/jperez.inscastellbisbal.net\/index.php\/wp-json\/wp\/v2\/media?parent=1374"}],"curies":[{"name":"wp","href":"https:\/\/api.w.org\/{rel}","templated":true}]}}