{"id":1357,"date":"2026-01-30T07:29:58","date_gmt":"2026-01-30T07:29:58","guid":{"rendered":"https:\/\/jperez.inscastellbisbal.net\/?page_id=1357"},"modified":"2026-01-30T09:25:43","modified_gmt":"2026-01-30T09:25:43","slug":"redactar-el-pla-demergencia-i-evacuacio-de-lespai-de-la-lan-party","status":"publish","type":"page","link":"https:\/\/jperez.inscastellbisbal.net\/index.php\/redactar-el-pla-demergencia-i-evacuacio-de-lespai-de-la-lan-party\/","title":{"rendered":"Redactar el pla d&#8217;emerg\u00e8ncia i evacuaci\u00f3 de l&#8217;espai de la LAN Party"},"content":{"rendered":"\n<p>Si hi ha alguna emerg\u00e8ncia a la LAN Party, aquestes s\u00f3n les instruccions que has de seguir: surt per la porta principal si \u00e9s segur o per la sortida d\u2019emerg\u00e8ncia (que gaireb\u00e9 sempre \u00e9s la millor opci\u00f3). Has de sortir sempre amb calma per evitar l&#8217;ansietat, si ets asm\u00e0tic o al\u00b7l\u00e8rgic porta alguna cosa per ajudar-te i cuidar-te, si t&#8217;has deixat un objecte a dins si hi hagu\u00e9s un incendi no entris, pot ser perill\u00f3s fins i tot letal, si ets una persona d&#8217;avan\u00e7ada edat demana ajuda per moure&#8217;t a les persones a prop teu.<\/p>\n\n\n\n<figure class=\"wp-block-image size-full is-resized\"><img fetchpriority=\"high\" decoding=\"async\" width=\"568\" height=\"800\" src=\"https:\/\/jperez.inscastellbisbal.net\/wp-content\/uploads\/2026\/01\/image-2.png\" alt=\"\" class=\"wp-image-1368\" style=\"width:308px;height:auto\" srcset=\"https:\/\/jperez.inscastellbisbal.net\/wp-content\/uploads\/2026\/01\/image-2.png 568w, https:\/\/jperez.inscastellbisbal.net\/wp-content\/uploads\/2026\/01\/image-2-213x300.png 213w\" sizes=\"(max-width: 568px) 100vw, 568px\" \/><\/figure>\n","protected":false},"excerpt":{"rendered":"<p>Si hi ha alguna emerg\u00e8ncia a la LAN Party, aquestes s\u00f3n les instruccions que has de seguir: surt per la porta principal si \u00e9s segur o per la sortida d\u2019emerg\u00e8ncia (que gaireb\u00e9 sempre \u00e9s la millor opci\u00f3). Has de sortir sempre amb calma per evitar l&#8217;ansietat, si ets asm\u00e0tic o [&hellip;]<\/p>\n","protected":false},"author":1,"featured_media":0,"parent":0,"menu_order":0,"comment_status":"closed","ping_status":"closed","template":"","meta":{"footnotes":""},"class_list":["post-1357","page","type-page","status-publish","hentry"],"_links":{"self":[{"href":"https:\/\/jperez.inscastellbisbal.net\/index.php\/wp-json\/wp\/v2\/pages\/1357","targetHints":{"allow":["GET"]}}],"collection":[{"href":"https:\/\/jperez.inscastellbisbal.net\/index.php\/wp-json\/wp\/v2\/pages"}],"about":[{"href":"https:\/\/jperez.inscastellbisbal.net\/index.php\/wp-json\/wp\/v2\/types\/page"}],"author":[{"embeddable":true,"href":"https:\/\/jperez.inscastellbisbal.net\/index.php\/wp-json\/wp\/v2\/users\/1"}],"replies":[{"embeddable":true,"href":"https:\/\/jperez.inscastellbisbal.net\/index.php\/wp-json\/wp\/v2\/comments?post=1357"}],"version-history":[{"count":6,"href":"https:\/\/jperez.inscastellbisbal.net\/index.php\/wp-json\/wp\/v2\/pages\/1357\/revisions"}],"predecessor-version":[{"id":1369,"href":"https:\/\/jperez.inscastellbisbal.net\/index.php\/wp-json\/wp\/v2\/pages\/1357\/revisions\/1369"}],"wp:attachment":[{"href":"https:\/\/jperez.inscastellbisbal.net\/index.php\/wp-json\/wp\/v2\/media?parent=1357"}],"curies":[{"name":"wp","href":"https:\/\/api.w.org\/{rel}","templated":true}]}}