{"id":1302,"date":"2026-01-27T10:49:21","date_gmt":"2026-01-27T10:49:21","guid":{"rendered":"https:\/\/jperez.inscastellbisbal.net\/?page_id=1302"},"modified":"2026-04-17T06:09:38","modified_gmt":"2026-04-17T06:09:38","slug":"8%ef%b8%8f%e2%83%a3-%f0%9f%86%98-helpdesk","status":"publish","type":"page","link":"https:\/\/jperez.inscastellbisbal.net\/index.php\/8%ef%b8%8f%e2%83%a3-%f0%9f%86%98-helpdesk\/","title":{"rendered":"8\ufe0f\u20e3 &#8211; \ud83c\udd98 &#8211; HelpDesk"},"content":{"rendered":"\n<div class=\"wp-block-buttons is-layout-flex wp-block-buttons-is-layout-flex\">\n<div class=\"wp-block-button\"><a class=\"wp-block-button__link wp-element-button\" href=\"https:\/\/jaranda.inscastellbisbal.net\/generar-flowcharts-per-a-la-resolucio-dincidencies-i-consultes\/\">Generar flowcharts per a la resoluci\u00f3 d&#8217;incid\u00e8ncies i consultes (WEB Joel)<\/a><\/div>\n\n\n\n<div class=\"wp-block-button\"><a class=\"wp-block-button__link wp-element-button\" href=\"https:\/\/jperez.inscastellbisbal.net\/index.php\/redactar-el-pla-demergencia-i-evacuacio-de-lespai-de-la-lan-party\/\">Redactar el pla d&#8217;emerg\u00e8ncia i evacuaci\u00f3 de l&#8217;espai de la LAN Party<\/a><\/div>\n\n\n\n<div class=\"wp-block-button\"><a class=\"wp-block-button__link wp-element-button\" href=\"https:\/\/mfernandez.inscastellbisbal.net\/1r-smx\/repte-1-3\/helpdesk\/donar-assistencia-telefonica-a-incidencies-internacionals\/\">Donar assist\u00e8ncia telef\u00f2nica a incid\u00e8ncies internacionals (WEB Mario)<\/a><\/div>\n\n\n\n<div class=\"wp-block-button\"><a class=\"wp-block-button__link wp-element-button\" href=\"https:\/\/jperez.inscastellbisbal.net\/index.php\/crear-senyalitzacio-i-instruccions-basiques\/\">Crear senyalitzaci\u00f3 i instruccions b\u00e0siques<\/a><\/div>\n\n\n\n<div class=\"wp-block-button\"><a class=\"wp-block-button__link wp-element-button\" href=\"https:\/\/jperez.inscastellbisbal.net\/index.php\/preparar-un-manual-dactuacio-en-cas-demergencia\/\">Preparar un manual d&#8217;actuaci\u00f3 en cas d&#8217;emerg\u00e8ncia<\/a><\/div>\n\n\n\n<div class=\"wp-block-button\"><a class=\"wp-block-button__link wp-element-button\">Generar un formulari de sol\u00b7licitud d&#8217;assist\u00e8ncia des del portal web de la LAN Party<\/a><\/div>\n<\/div>\n","protected":false},"excerpt":{"rendered":"","protected":false},"author":1,"featured_media":0,"parent":0,"menu_order":0,"comment_status":"closed","ping_status":"closed","template":"","meta":{"footnotes":""},"class_list":["post-1302","page","type-page","status-publish","hentry"],"_links":{"self":[{"href":"https:\/\/jperez.inscastellbisbal.net\/index.php\/wp-json\/wp\/v2\/pages\/1302","targetHints":{"allow":["GET"]}}],"collection":[{"href":"https:\/\/jperez.inscastellbisbal.net\/index.php\/wp-json\/wp\/v2\/pages"}],"about":[{"href":"https:\/\/jperez.inscastellbisbal.net\/index.php\/wp-json\/wp\/v2\/types\/page"}],"author":[{"embeddable":true,"href":"https:\/\/jperez.inscastellbisbal.net\/index.php\/wp-json\/wp\/v2\/users\/1"}],"replies":[{"embeddable":true,"href":"https:\/\/jperez.inscastellbisbal.net\/index.php\/wp-json\/wp\/v2\/comments?post=1302"}],"version-history":[{"count":9,"href":"https:\/\/jperez.inscastellbisbal.net\/index.php\/wp-json\/wp\/v2\/pages\/1302\/revisions"}],"predecessor-version":[{"id":1814,"href":"https:\/\/jperez.inscastellbisbal.net\/index.php\/wp-json\/wp\/v2\/pages\/1302\/revisions\/1814"}],"wp:attachment":[{"href":"https:\/\/jperez.inscastellbisbal.net\/index.php\/wp-json\/wp\/v2\/media?parent=1302"}],"curies":[{"name":"wp","href":"https:\/\/api.w.org\/{rel}","templated":true}]}}