{"id":1297,"date":"2026-01-27T10:48:35","date_gmt":"2026-01-27T10:48:35","guid":{"rendered":"https:\/\/jperez.inscastellbisbal.net\/?page_id=1297"},"modified":"2026-02-03T13:18:22","modified_gmt":"2026-02-03T13:18:22","slug":"6%ef%b8%8f%e2%83%a3-%f0%9f%8e%a8-material-grafic-i-de-comunicacio","status":"publish","type":"page","link":"https:\/\/jperez.inscastellbisbal.net\/index.php\/6%ef%b8%8f%e2%83%a3-%f0%9f%8e%a8-material-grafic-i-de-comunicacio\/","title":{"rendered":"6\ufe0f\u20e3 &#8211; \ud83c\udfa8 &#8211; Material gr\u00e0fic i de comunicaci\u00f3"},"content":{"rendered":"\n<div class=\"wp-block-buttons is-layout-flex wp-block-buttons-is-layout-flex\">\n<div class=\"wp-block-button\"><a class=\"wp-block-button__link wp-element-button\" href=\"https:\/\/jaranda.inscastellbisbal.net\/dissenyar-la-cartelleria-publicitaria-de-lesdeveniment\/\">Dissenyar la cartelleria publicit\u00e0ria de l&#8217;esdeveniment (WEB Joel)<\/a><\/div>\n\n\n\n<div class=\"wp-block-button\"><a class=\"wp-block-button__link wp-element-button\" href=\"https:\/\/jaranda.inscastellbisbal.net\/crear-una-presentacio-multimedia-per-fer-difusio-de-lesdeveniment\/\">Crear una presentaci\u00f3 multim\u00e8dia per fer difusi\u00f3 de l&#8217;esdeveniment (WEB Joel)<\/a><\/div>\n\n\n\n<div class=\"wp-block-button\"><a class=\"wp-block-button__link wp-element-button\" href=\"https:\/\/jperez.inscastellbisbal.net\/index.php\/generar-i-retocar-imatges-per-la-cartelleria-publicitaria\/\">Generar i retocar imatges per la cartelleria publicit\u00e0ria<\/a><\/div>\n\n\n\n<div class=\"wp-block-button\"><a class=\"wp-block-button__link wp-element-button\">Crear un petit tour virtual per veure la LAN Party<\/a><\/div>\n\n\n\n<div class=\"wp-block-button\"><a class=\"wp-block-button__link wp-element-button\">Time-lapse amb el making off<\/a><\/div>\n<\/div>\n\n\n\n<p><\/p>\n","protected":false},"excerpt":{"rendered":"","protected":false},"author":1,"featured_media":0,"parent":0,"menu_order":0,"comment_status":"closed","ping_status":"closed","template":"","meta":{"footnotes":""},"class_list":["post-1297","page","type-page","status-publish","hentry"],"_links":{"self":[{"href":"https:\/\/jperez.inscastellbisbal.net\/index.php\/wp-json\/wp\/v2\/pages\/1297","targetHints":{"allow":["GET"]}}],"collection":[{"href":"https:\/\/jperez.inscastellbisbal.net\/index.php\/wp-json\/wp\/v2\/pages"}],"about":[{"href":"https:\/\/jperez.inscastellbisbal.net\/index.php\/wp-json\/wp\/v2\/types\/page"}],"author":[{"embeddable":true,"href":"https:\/\/jperez.inscastellbisbal.net\/index.php\/wp-json\/wp\/v2\/users\/1"}],"replies":[{"embeddable":true,"href":"https:\/\/jperez.inscastellbisbal.net\/index.php\/wp-json\/wp\/v2\/comments?post=1297"}],"version-history":[{"count":10,"href":"https:\/\/jperez.inscastellbisbal.net\/index.php\/wp-json\/wp\/v2\/pages\/1297\/revisions"}],"predecessor-version":[{"id":1490,"href":"https:\/\/jperez.inscastellbisbal.net\/index.php\/wp-json\/wp\/v2\/pages\/1297\/revisions\/1490"}],"wp:attachment":[{"href":"https:\/\/jperez.inscastellbisbal.net\/index.php\/wp-json\/wp\/v2\/media?parent=1297"}],"curies":[{"name":"wp","href":"https:\/\/api.w.org\/{rel}","templated":true}]}}