{"id":1169,"date":"2025-11-21T08:05:59","date_gmt":"2025-11-21T08:05:59","guid":{"rendered":"https:\/\/jperez.inscastellbisbal.net\/?page_id=1169"},"modified":"2025-11-21T08:44:09","modified_gmt":"2025-11-21T08:44:09","slug":"cohorts","status":"publish","type":"page","link":"https:\/\/jperez.inscastellbisbal.net\/index.php\/cohorts\/","title":{"rendered":"Cohorts"},"content":{"rendered":"\n<p>Per comen\u00e7ar a crear cohorts, ves a &#8220;Administraci\u00f3 del lloc&#8221; des de la pantalla d&#8217;inici.<\/p>\n\n\n\n<figure class=\"wp-block-image size-full\"><img fetchpriority=\"high\" decoding=\"async\" width=\"868\" height=\"584\" src=\"https:\/\/jperez.inscastellbisbal.net\/wp-content\/uploads\/2025\/11\/image-51.png\" alt=\"\" class=\"wp-image-1172\" srcset=\"https:\/\/jperez.inscastellbisbal.net\/wp-content\/uploads\/2025\/11\/image-51.png 868w, https:\/\/jperez.inscastellbisbal.net\/wp-content\/uploads\/2025\/11\/image-51-300x202.png 300w, https:\/\/jperez.inscastellbisbal.net\/wp-content\/uploads\/2025\/11\/image-51-768x517.png 768w\" sizes=\"(max-width: 868px) 100vw, 868px\" \/><\/figure>\n\n\n\n<p>Des d'&#8221;Administraci\u00f3 del lloc&#8221;, el seg\u00fcent pas \u00e9s anar a &#8220;Usuaris&#8221;.<\/p>\n\n\n\n<figure class=\"wp-block-image size-large\"><img decoding=\"async\" width=\"1024\" height=\"501\" src=\"https:\/\/jperez.inscastellbisbal.net\/wp-content\/uploads\/2025\/11\/image-52-1024x501.png\" alt=\"\" class=\"wp-image-1174\" srcset=\"https:\/\/jperez.inscastellbisbal.net\/wp-content\/uploads\/2025\/11\/image-52-1024x501.png 1024w, https:\/\/jperez.inscastellbisbal.net\/wp-content\/uploads\/2025\/11\/image-52-300x147.png 300w, https:\/\/jperez.inscastellbisbal.net\/wp-content\/uploads\/2025\/11\/image-52-768x376.png 768w, https:\/\/jperez.inscastellbisbal.net\/wp-content\/uploads\/2025\/11\/image-52-1536x751.png 1536w, https:\/\/jperez.inscastellbisbal.net\/wp-content\/uploads\/2025\/11\/image-52.png 1895w\" sizes=\"(max-width: 1024px) 100vw, 1024px\" \/><\/figure>\n\n\n\n<p>A la secci\u00f3 &#8220;Cohorts&#8221; pots crear grups o classes d&#8217;usuaris.<\/p>\n\n\n\n<figure class=\"wp-block-image size-large\"><img decoding=\"async\" width=\"1024\" height=\"460\" src=\"https:\/\/jperez.inscastellbisbal.net\/wp-content\/uploads\/2025\/11\/image-55-1024x460.png\" alt=\"\" class=\"wp-image-1181\" srcset=\"https:\/\/jperez.inscastellbisbal.net\/wp-content\/uploads\/2025\/11\/image-55-1024x460.png 1024w, https:\/\/jperez.inscastellbisbal.net\/wp-content\/uploads\/2025\/11\/image-55-300x135.png 300w, https:\/\/jperez.inscastellbisbal.net\/wp-content\/uploads\/2025\/11\/image-55-768x345.png 768w, https:\/\/jperez.inscastellbisbal.net\/wp-content\/uploads\/2025\/11\/image-55-1536x690.png 1536w, https:\/\/jperez.inscastellbisbal.net\/wp-content\/uploads\/2025\/11\/image-55.png 1812w\" sizes=\"(max-width: 1024px) 100vw, 1024px\" \/><\/figure>\n\n\n\n<p>\u00c9s obligatori omplir el &#8220;Nom&#8221; i el &#8220;Context&#8221; i despr\u00e9s fer clic a &#8220;crear&#8221;.<\/p>\n\n\n\n<figure class=\"wp-block-image size-large\"><img loading=\"lazy\" decoding=\"async\" width=\"1024\" height=\"533\" src=\"https:\/\/jperez.inscastellbisbal.net\/wp-content\/uploads\/2025\/11\/image-53-1024x533.png\" alt=\"\" class=\"wp-image-1175\" srcset=\"https:\/\/jperez.inscastellbisbal.net\/wp-content\/uploads\/2025\/11\/image-53-1024x533.png 1024w, https:\/\/jperez.inscastellbisbal.net\/wp-content\/uploads\/2025\/11\/image-53-300x156.png 300w, https:\/\/jperez.inscastellbisbal.net\/wp-content\/uploads\/2025\/11\/image-53-768x400.png 768w, https:\/\/jperez.inscastellbisbal.net\/wp-content\/uploads\/2025\/11\/image-53-1536x800.png 1536w, https:\/\/jperez.inscastellbisbal.net\/wp-content\/uploads\/2025\/11\/image-53.png 1855w\" sizes=\"(max-width: 1024px) 100vw, 1024px\" \/><\/figure>\n\n\n\n<p>Ves a &#8220;Accions amb usuaris en bloc&#8221;, selecciona els usuaris i fes clic a &#8220;Afegir a Cohort&#8221;.<\/p>\n\n\n\n<figure class=\"wp-block-image size-large\"><img loading=\"lazy\" decoding=\"async\" width=\"1024\" height=\"524\" src=\"https:\/\/jperez.inscastellbisbal.net\/wp-content\/uploads\/2025\/11\/image-54-1024x524.png\" alt=\"\" class=\"wp-image-1179\" srcset=\"https:\/\/jperez.inscastellbisbal.net\/wp-content\/uploads\/2025\/11\/image-54-1024x524.png 1024w, https:\/\/jperez.inscastellbisbal.net\/wp-content\/uploads\/2025\/11\/image-54-300x153.png 300w, https:\/\/jperez.inscastellbisbal.net\/wp-content\/uploads\/2025\/11\/image-54-768x393.png 768w, https:\/\/jperez.inscastellbisbal.net\/wp-content\/uploads\/2025\/11\/image-54-1536x786.png 1536w, https:\/\/jperez.inscastellbisbal.net\/wp-content\/uploads\/2025\/11\/image-54.png 1861w\" sizes=\"(max-width: 1024px) 100vw, 1024px\" \/><\/figure>\n\n\n\n<p><\/p>\n","protected":false},"excerpt":{"rendered":"<p>Per comen\u00e7ar a crear cohorts, ves a &#8220;Administraci\u00f3 del lloc&#8221; des de la pantalla d&#8217;inici. Des d&#8217;&#8221;Administraci\u00f3 del lloc&#8221;, el seg\u00fcent pas \u00e9s anar a &#8220;Usuaris&#8221;. A la secci\u00f3 &#8220;Cohorts&#8221; pots crear grups o classes d&#8217;usuaris. \u00c9s obligatori omplir el &#8220;Nom&#8221; i el &#8220;Context&#8221; i despr\u00e9s fer clic a &#8220;crear&#8221;. [&hellip;]<\/p>\n","protected":false},"author":1,"featured_media":0,"parent":0,"menu_order":0,"comment_status":"closed","ping_status":"closed","template":"","meta":{"footnotes":""},"class_list":["post-1169","page","type-page","status-publish","hentry"],"_links":{"self":[{"href":"https:\/\/jperez.inscastellbisbal.net\/index.php\/wp-json\/wp\/v2\/pages\/1169","targetHints":{"allow":["GET"]}}],"collection":[{"href":"https:\/\/jperez.inscastellbisbal.net\/index.php\/wp-json\/wp\/v2\/pages"}],"about":[{"href":"https:\/\/jperez.inscastellbisbal.net\/index.php\/wp-json\/wp\/v2\/types\/page"}],"author":[{"embeddable":true,"href":"https:\/\/jperez.inscastellbisbal.net\/index.php\/wp-json\/wp\/v2\/users\/1"}],"replies":[{"embeddable":true,"href":"https:\/\/jperez.inscastellbisbal.net\/index.php\/wp-json\/wp\/v2\/comments?post=1169"}],"version-history":[{"count":7,"href":"https:\/\/jperez.inscastellbisbal.net\/index.php\/wp-json\/wp\/v2\/pages\/1169\/revisions"}],"predecessor-version":[{"id":1186,"href":"https:\/\/jperez.inscastellbisbal.net\/index.php\/wp-json\/wp\/v2\/pages\/1169\/revisions\/1186"}],"wp:attachment":[{"href":"https:\/\/jperez.inscastellbisbal.net\/index.php\/wp-json\/wp\/v2\/media?parent=1169"}],"curies":[{"name":"wp","href":"https:\/\/api.w.org\/{rel}","templated":true}]}}