{"id":1139,"date":"2025-11-20T13:17:51","date_gmt":"2025-11-20T13:17:51","guid":{"rendered":"https:\/\/jperez.inscastellbisbal.net\/?page_id=1139"},"modified":"2025-12-03T07:14:41","modified_gmt":"2025-12-03T07:14:41","slug":"pla-dadrecament-de-la-xarxa","status":"publish","type":"page","link":"https:\/\/jperez.inscastellbisbal.net\/index.php\/pla-dadrecament-de-la-xarxa\/","title":{"rendered":"Pla d&#8217;adre\u00e7ament de la xarxa"},"content":{"rendered":"\n<figure class=\"wp-block-image size-full is-resized\"><img fetchpriority=\"high\" decoding=\"async\" width=\"619\" height=\"398\" src=\"https:\/\/jperez.inscastellbisbal.net\/wp-content\/uploads\/2025\/11\/image-43.png\" alt=\"\" class=\"wp-image-1142\" style=\"width:840px;height:auto\" srcset=\"https:\/\/jperez.inscastellbisbal.net\/wp-content\/uploads\/2025\/11\/image-43.png 619w, https:\/\/jperez.inscastellbisbal.net\/wp-content\/uploads\/2025\/11\/image-43-300x193.png 300w\" sizes=\"(max-width: 619px) 100vw, 619px\" \/><\/figure>\n\n\n\n<hr class=\"wp-block-separator has-alpha-channel-opacity\"\/>\n\n\n\n<h3 class=\"wp-block-heading\">1. An\u00e0lisis de la informaci\u00f3 i correcci\u00f3 de dades.<\/h3>\n\n\n\n<figure class=\"wp-block-table\"><table class=\"has-fixed-layout\"><thead><tr><td>Campo<\/td><td>Valor Proposat<\/td><td>An\u00e0lisis i Detecci\u00f3 d&#8217;Error<\/td><\/tr><\/thead><tbody><tr><td><strong>Prefix (Prefixo)<\/strong><\/td><td>\/16<\/td><td>Implica una xarxa <strong>Classe B<\/strong>. La m\u00e0scara seria 255.255.0.0.<\/td><\/tr><tr><td><strong>M\u00c0SCARA<\/strong><\/td><td>255.255.255.0<\/td><td>Aquesta m\u00e0scara \u00e9s \/24. Hi ha una inconsist\u00e8ncia! El prefix \/16 no coincideix amb la m\u00e0scara 255.255.255.0.<\/td><\/tr><tr><td><strong>Gateway<\/strong><\/td><td>172.24.130.254<\/td><td>Adre\u00e7a IP.<\/td><\/tr><tr><td><strong>Servidor DNS<\/strong><\/td><td>9.9.9.9<\/td><td>Adre\u00e7a IP.<\/td><\/tr><\/tbody><\/table><\/figure>\n\n\n\n<p>L&#8217;\u00fanica m\u00e0scara que permet que tots els teus equips estiguin a la mateixa xarxa \u00e9s la que s&#8217;indica al prefix: <strong>\/16 (M\u00e0scara 255.255.0.0).<\/strong><\/p>\n\n\n\n<hr class=\"wp-block-separator has-alpha-channel-opacity\"\/>\n\n\n\n<p><strong>2. Documentaci\u00f3 del Subnetting (Criteri de R\u00fabrica)<\/strong><\/p>\n\n\n\n<p>El Subnetting (subxarxes) \u00e9s la divisi\u00f3 d&#8217;una gran xarxa IP en xarxes m\u00e9s petites i manejables, conegudes com a subxarxes. Aix\u00f2 s&#8217;aconsegueix prenent bits prestats de la porci\u00f3 de Host ID de l&#8217;adre\u00e7a IP i assignant-los a la Network ID mitjan\u00e7ant la modificaci\u00f3 de la M\u00e0scara de Subxarxa.<\/p>\n\n\n\n<hr class=\"wp-block-separator has-alpha-channel-opacity\"\/>\n\n\n\n<p><strong>3.<\/strong> <strong>Inventari i Assignaci\u00f3 d&#8217;Adreces<\/strong><\/p>\n\n\n\n<p>A continuaci\u00f3, es presenta l&#8217;inventari complet de la xarxa 172.24.0.0\/16 i l&#8217;assignaci\u00f3 de les adreces IP als dispositius (combinaci\u00f3 de la teva taula i els c\u00e0lculs):<\/p>\n\n\n\n<figure class=\"wp-block-table\"><table class=\"has-fixed-layout\"><thead><tr><td><strong>Nom\/Tipus<\/strong><\/td><td><strong>Adre\u00e7a IP<\/strong><\/td><td><strong>Adre\u00e7a MAC<\/strong><\/td><td><strong>Funci\u00f3 a la Xarxa<\/strong><\/td><\/tr><\/thead><tbody><tr><td><strong>Adre\u00e7a de Xarxa<\/strong><\/td><td>172.24.0.0<\/td><td>N\/A<\/td><td>Identificador de la xarxa.<\/td><\/tr><tr><td><strong>Adre\u00e7a de Broadcast<\/strong><\/td><td>172.24.255.255<\/td><td>N\/A<\/td><td>Adre\u00e7a per enviar a tots els dispositius.<\/td><\/tr><tr><td><strong>Gateway (Router)<\/strong><\/td><td>172.24.130.254<\/td><td>N\/A<\/td><td>Punt d&#8217;acc\u00e9s a xarxes externes.<\/td><\/tr><tr><td><strong>Servidor DNS<\/strong><\/td><td>9.9.9.9<\/td><td>N\/A<\/td><td>Resoluci\u00f3 de noms (Adre\u00e7a Externa).<\/td><\/tr><tr><td><strong>Torre Servidor<\/strong><\/td><td>172.24.100.101<\/td><td>C2-31-F6-EC-99-C5<\/td><td>Servidor d&#8217;aplicacions o serveis.<\/td><\/tr><tr><td><strong>Servidor Moodle<\/strong><\/td><td>172.24.100.101<\/td><td>N\/A (sense MAC indicada)<\/td><td>Servidor d&#8217;aplicacions E-Learning.<\/td><\/tr><tr><td><strong>Acces Point (AP)<\/strong><\/td><td>172.24.200.101<\/td><td>B0-BE-76-53-C0-22<\/td><td>Punt d&#8217;acc\u00e9s Wi-Fi.<\/td><\/tr><tr><td><strong>Laptop 1<\/strong><\/td><td>172.24.201.101<\/td><td>74-DF-BF-0B-03-04<\/td><td>Estaci\u00f3 de treball (Client).<\/td><\/tr><tr><td><strong>Laptop 2<\/strong><\/td><td>172.24.201.102<\/td><td>74-DF-BF-0B-13-87<\/td><td>Estaci\u00f3 de treball (Client).<\/td><\/tr><tr><td><strong>Laptop 3<\/strong><\/td><td>172.24.201.103<\/td><td>74-DF-BF-0B-02-F7<\/td><td>Estaci\u00f3 de treball (Client).<\/td><\/tr><tr><td><strong>Laptop 4<\/strong><\/td><td>172.24.201.104<\/td><td>74-DF-BF-0B-13-87<\/td><td>Estaci\u00f3 de treball (Client).<\/td><\/tr><\/tbody><\/table><\/figure>\n\n\n\n<p><\/p>\n","protected":false},"excerpt":{"rendered":"<p>1. An\u00e0lisis de la informaci\u00f3 i correcci\u00f3 de dades. Campo Valor Proposat An\u00e0lisis i Detecci\u00f3 d&#8217;Error Prefix (Prefixo) \/16 Implica una xarxa Classe B. La m\u00e0scara seria 255.255.0.0. M\u00c0SCARA 255.255.255.0 Aquesta m\u00e0scara \u00e9s \/24. Hi ha una inconsist\u00e8ncia! El prefix \/16 no coincideix amb la m\u00e0scara 255.255.255.0. Gateway 172.24.130.254 Adre\u00e7a [&hellip;]<\/p>\n","protected":false},"author":1,"featured_media":0,"parent":0,"menu_order":0,"comment_status":"closed","ping_status":"closed","template":"","meta":{"footnotes":""},"class_list":["post-1139","page","type-page","status-publish","hentry"],"_links":{"self":[{"href":"https:\/\/jperez.inscastellbisbal.net\/index.php\/wp-json\/wp\/v2\/pages\/1139","targetHints":{"allow":["GET"]}}],"collection":[{"href":"https:\/\/jperez.inscastellbisbal.net\/index.php\/wp-json\/wp\/v2\/pages"}],"about":[{"href":"https:\/\/jperez.inscastellbisbal.net\/index.php\/wp-json\/wp\/v2\/types\/page"}],"author":[{"embeddable":true,"href":"https:\/\/jperez.inscastellbisbal.net\/index.php\/wp-json\/wp\/v2\/users\/1"}],"replies":[{"embeddable":true,"href":"https:\/\/jperez.inscastellbisbal.net\/index.php\/wp-json\/wp\/v2\/comments?post=1139"}],"version-history":[{"count":12,"href":"https:\/\/jperez.inscastellbisbal.net\/index.php\/wp-json\/wp\/v2\/pages\/1139\/revisions"}],"predecessor-version":[{"id":1244,"href":"https:\/\/jperez.inscastellbisbal.net\/index.php\/wp-json\/wp\/v2\/pages\/1139\/revisions\/1244"}],"wp:attachment":[{"href":"https:\/\/jperez.inscastellbisbal.net\/index.php\/wp-json\/wp\/v2\/media?parent=1139"}],"curies":[{"name":"wp","href":"https:\/\/api.w.org\/{rel}","templated":true}]}}